{"id":2845,"date":"2025-09-14T22:53:57","date_gmt":"2025-09-15T03:53:57","guid":{"rendered":"https:\/\/lodgingcartagena.com\/?post_type=product&#038;p=2845"},"modified":"2025-09-14T22:53:57","modified_gmt":"2025-09-15T03:53:57","slug":"cholon-fiesta-completa-la-mejor-fiesta-caribena-en-un-paraiso-rodeado-de-mar","status":"publish","type":"product","link":"https:\/\/lodgingcartagena.com\/index.php\/producto\/cholon-fiesta-completa-la-mejor-fiesta-caribena-en-un-paraiso-rodeado-de-mar\/","title":{"rendered":"Chol\u00f3n \u2013 Fiesta Completa | La mejor fiesta caribe\u00f1a en un para\u00edso rodeado de mar"},"content":{"rendered":"","protected":false},"excerpt":{"rendered":"<p data-start=\"224\" data-end=\"596\"><span dir=\"auto\">Disfrute de una experiencia inolvidable a bordo de una lancha deportiva de lujo con destino a Chol\u00f3n, el destino m\u00e1s festivo de las Islas del Rosario. Disfrute de un recorrido panor\u00e1mico, barra libre a bordo, m\u00fasica y la mejor onda en uno de los lugares m\u00e1s exclusivos del Caribe. Esta excursi\u00f3n est\u00e1 dise\u00f1ada para quienes buscan combinar playa, gastronom\u00eda y diversi\u00f3n en un solo d\u00eda.<\/span><\/p>\n<p data-start=\"598\" data-end=\"717\"><span dir=\"auto\">Ideal para grupos de amigos, celebraciones especiales o simplemente para disfrutar de una fiesta inolvidable en el mar.<\/span><\/p>\n<hr data-start=\"719\" data-end=\"722\" \/>\n<h3 data-start=\"724\" data-end=\"755\"><span dir=\"auto\">Horarios y disponibilidad<\/span><\/h3>\n<ul data-start=\"756\" data-end=\"989\">\n<li data-start=\"756\" data-end=\"791\">\n<p data-start=\"758\" data-end=\"791\"><span dir=\"auto\">Salidas:\u00a0<\/span><strong data-start=\"767\" data-end=\"789\"><span dir=\"auto\">S\u00e1bados y Domingos<\/span><\/strong><\/p>\n<\/li>\n<li data-start=\"792\" data-end=\"825\">\n<p data-start=\"794\" data-end=\"825\"><span dir=\"auto\">Hora de salida:\u00a0<\/span><strong data-start=\"810\" data-end=\"823\"><span dir=\"auto\">8:00 am<\/span><\/strong><\/p>\n<\/li>\n<li data-start=\"826\" data-end=\"860\">\n<p data-start=\"828\" data-end=\"860\"><span dir=\"auto\">Hora de regreso:\u00a0<\/span><strong data-start=\"845\" data-end=\"858\"><span dir=\"auto\">15:00 horas<\/span><\/strong><\/p>\n<\/li>\n<li data-start=\"861\" data-end=\"897\">\n<p data-start=\"863\" data-end=\"897\"><span dir=\"auto\">Embarque:\u00a0<\/span><strong data-start=\"873\" data-end=\"895\"><span dir=\"auto\">Muelle Los Pegasos<\/span><\/strong><\/p>\n<\/li>\n<li data-start=\"898\" data-end=\"955\">\n<p data-start=\"900\" data-end=\"955\"><span dir=\"auto\">Capacidad:\u00a0<\/span><strong data-start=\"911\" data-end=\"953\"><span dir=\"auto\">m\u00ednimo 16 personas, m\u00e1ximo 21 personas<\/span><\/strong><\/p>\n<\/li>\n<li data-start=\"956\" data-end=\"989\">\n<p data-start=\"958\" data-end=\"989\"><strong data-start=\"958\" data-end=\"989\"><span dir=\"auto\">Impuesto portuario incluido<\/span><\/strong><\/p>\n<\/li>\n<\/ul>\n<hr data-start=\"991\" data-end=\"994\" \/>\n<h3 data-start=\"996\" data-end=\"1013\"><span dir=\"auto\">\u00bfQu\u00e9 incluye?<\/span><\/h3>\n<ul data-start=\"1015\" data-end=\"1520\">\n<li data-start=\"1015\" data-end=\"1095\">\n<p data-start=\"1017\" data-end=\"1095\"><span dir=\"auto\">Recogida en hoteles (Centro, Zona Norte, Bocagrande, Laguito, Castillo Grande)<\/span><\/p>\n<\/li>\n<li data-start=\"1096\" data-end=\"1138\">\n<p data-start=\"1098\" data-end=\"1138\"><span dir=\"auto\">Transporte en una embarcaci\u00f3n deportiva de lujo<\/span><\/p>\n<\/li>\n<li data-start=\"1139\" data-end=\"1178\">\n<p data-start=\"1141\" data-end=\"1178\"><span dir=\"auto\">Gu\u00eda tur\u00edstico durante el recorrido.<\/span><\/p>\n<\/li>\n<li data-start=\"1179\" data-end=\"1226\">\n<p data-start=\"1181\" data-end=\"1226\"><span dir=\"auto\">Barra libre a bordo (hasta llegar a Chol\u00f3n)<\/span><\/p>\n<\/li>\n<li data-start=\"1227\" data-end=\"1270\">\n<p data-start=\"1229\" data-end=\"1270\"><span dir=\"auto\">Alojamiento en zona exclusiva de Chol\u00f3n<\/span><\/p>\n<\/li>\n<li data-start=\"1271\" data-end=\"1447\">\n<p data-start=\"1273\" data-end=\"1311\"><span dir=\"auto\">Almuerzo t\u00edpico con cuatro opciones:<\/span><\/p>\n<ul data-start=\"1314\" data-end=\"1447\">\n<li data-start=\"1314\" data-end=\"1331\">\n<p data-start=\"1316\" data-end=\"1331\"><span dir=\"auto\">pescado frito<\/span><\/p>\n<\/li>\n<li data-start=\"1334\" data-end=\"1351\">\n<p data-start=\"1336\" data-end=\"1351\"><span dir=\"auto\">Pechuga asada<\/span><\/p>\n<\/li>\n<li data-start=\"1354\" data-end=\"1369\">\n<p data-start=\"1356\" data-end=\"1369\"><span dir=\"auto\">Vegetariano<\/span><\/p>\n<\/li>\n<li data-start=\"1372\" data-end=\"1447\">\n<p data-start=\"1374\" data-end=\"1447\"><span dir=\"auto\">Bandeja mixta<\/span><br data-start=\"1387\" data-end=\"1390\" \/><span dir=\"auto\">(acompa\u00f1ada de arroz con coco, patacones y ensalada)<\/span><\/p>\n<\/li>\n<\/ul>\n<\/li>\n<li data-start=\"1448\" data-end=\"1465\">\n<p data-start=\"1450\" data-end=\"1465\"><span dir=\"auto\">Ba\u00f1o de playa<\/span><\/p>\n<\/li>\n<li data-start=\"1466\" data-end=\"1520\">\n<p data-start=\"1468\" data-end=\"1520\"><span dir=\"auto\">Regreso en el mismo barco al finalizar el recorrido.<\/span><\/p>\n<\/li>\n<\/ul>\n<hr data-start=\"1522\" data-end=\"1525\" \/>\n<h3 data-start=\"1527\" data-end=\"1541\"><span dir=\"auto\">No incluido<\/span><\/h3>\n<ul data-start=\"1543\" data-end=\"1617\">\n<li data-start=\"1543\" data-end=\"1583\">\n<p data-start=\"1545\" data-end=\"1583\"><span dir=\"auto\">Consumo no especificado en el plan<\/span><\/p>\n<\/li>\n<li data-start=\"1584\" data-end=\"1617\">\n<p data-start=\"1586\" data-end=\"1617\"><span dir=\"auto\">Comidas o bebidas adicionales<\/span><\/p>\n<\/li>\n<\/ul>\n","protected":false},"featured_media":2846,"comment_status":"open","ping_status":"closed","template":"","meta":[],"product_brand":[],"product_cat":[47,46],"product_tag":[],"class_list":{"0":"post-2845","1":"product","2":"type-product","3":"status-publish","4":"has-post-thumbnail","6":"product_cat-isla","7":"product_cat-tours","9":"first","10":"instock","11":"shipping-taxable","12":"purchasable","13":"product-type-simple"},"_links":{"self":[{"href":"https:\/\/lodgingcartagena.com\/index.php\/wp-json\/wp\/v2\/product\/2845","targetHints":{"allow":["GET"]}}],"collection":[{"href":"https:\/\/lodgingcartagena.com\/index.php\/wp-json\/wp\/v2\/product"}],"about":[{"href":"https:\/\/lodgingcartagena.com\/index.php\/wp-json\/wp\/v2\/types\/product"}],"replies":[{"embeddable":true,"href":"https:\/\/lodgingcartagena.com\/index.php\/wp-json\/wp\/v2\/comments?post=2845"}],"wp:featuredmedia":[{"embeddable":true,"href":"https:\/\/lodgingcartagena.com\/index.php\/wp-json\/wp\/v2\/media\/2846"}],"wp:attachment":[{"href":"https:\/\/lodgingcartagena.com\/index.php\/wp-json\/wp\/v2\/media?parent=2845"}],"wp:term":[{"taxonomy":"product_brand","embeddable":true,"href":"https:\/\/lodgingcartagena.com\/index.php\/wp-json\/wp\/v2\/product_brand?post=2845"},{"taxonomy":"product_cat","embeddable":true,"href":"https:\/\/lodgingcartagena.com\/index.php\/wp-json\/wp\/v2\/product_cat?post=2845"},{"taxonomy":"product_tag","embeddable":true,"href":"https:\/\/lodgingcartagena.com\/index.php\/wp-json\/wp\/v2\/product_tag?post=2845"}],"curies":[{"name":"wp","href":"https:\/\/api.w.org\/{rel}","templated":true}]}}