{"id":2833,"date":"2025-09-14T22:29:58","date_gmt":"2025-09-15T03:29:58","guid":{"rendered":"https:\/\/lodgingcartagena.com\/?post_type=product&#038;p=2833"},"modified":"2025-09-14T22:29:58","modified_gmt":"2025-09-15T03:29:58","slug":"cena-magistral-sibarita-recorrido-nocturno-por-la-bahia-una-velada-elegante-perfecta-para-celebrar-y-enamorarse","status":"publish","type":"product","link":"https:\/\/lodgingcartagena.com\/index.php\/producto\/cena-magistral-sibarita-recorrido-nocturno-por-la-bahia-una-velada-elegante-perfecta-para-celebrar-y-enamorarse\/","title":{"rendered":"Cena Magistral Sibarita \u2013 Recorrido Nocturno por la Bah\u00eda | Una velada elegante, perfecta para celebrar y enamorarse"},"content":{"rendered":"","protected":false},"excerpt":{"rendered":"<p data-start=\"264\" data-end=\"593\"><span dir=\"auto\">Disfrute de un lujoso crucero nocturno por la bah\u00eda de Cartagena a bordo del exclusivo\u00a0<\/span><strong data-start=\"354\" data-end=\"371\"><span dir=\"auto\">Sibarita Tour<\/span><\/strong><span dir=\"auto\">\u00a0, un recorrido de dos horas con cena de cuatro tiempos y media botella de vino por persona. Ideal para parejas, aniversarios, fiestas de compromiso o una velada inolvidable con espectaculares vistas de la ciudad iluminada.<\/span><\/p>\n<p data-start=\"595\" data-end=\"680\"><span dir=\"auto\">Un plan \u00edntimo, sofisticado con el toque caribe\u00f1o que s\u00f3lo Cartagena puede ofrecer.<\/span><\/p>\n<hr data-start=\"682\" data-end=\"685\" \/>\n<h3 data-start=\"687\" data-end=\"720\"><span dir=\"auto\">Horario y punto de encuentro:<\/span><\/h3>\n<ul data-start=\"721\" data-end=\"923\">\n<li data-start=\"721\" data-end=\"775\">\n<p data-start=\"723\" data-end=\"775\"><strong data-start=\"723\" data-end=\"736\"><span dir=\"auto\">Embarque:<\/span><\/strong><span dir=\"auto\">\u00a018:30 horas (llegar temprano)<\/span><\/p>\n<\/li>\n<li data-start=\"776\" data-end=\"827\">\n<p data-start=\"778\" data-end=\"827\"><strong data-start=\"778\" data-end=\"788\"><span dir=\"auto\">Salida:<\/span><\/strong><span dir=\"auto\">\u00a019:00 horas \u2013\u00a0<\/span><strong data-start=\"802\" data-end=\"814\"><span dir=\"auto\">Regreso:<\/span><\/strong><span dir=\"auto\">\u00a021:00 horas<\/span><\/p>\n<\/li>\n<li data-start=\"828\" data-end=\"874\">\n<p data-start=\"830\" data-end=\"874\"><strong data-start=\"830\" data-end=\"852\"><span dir=\"auto\">D\u00edas de funcionamiento:<\/span><\/strong><span dir=\"auto\">\u00a0mi\u00e9rcoles a domingo<\/span><\/p>\n<\/li>\n<li data-start=\"875\" data-end=\"923\">\n<p data-start=\"877\" data-end=\"923\"><strong data-start=\"877\" data-end=\"890\"><span dir=\"auto\">Embarque:<\/span><\/strong><span dir=\"auto\">\u00a0Muelle La Bodeguita \u2013 Puerta 4<\/span><\/p>\n<\/li>\n<\/ul>\n<hr data-start=\"925\" data-end=\"928\" \/>\n<h3 data-start=\"930\" data-end=\"947\"><span dir=\"auto\">\u00bfQu\u00e9 incluye?<\/span><\/h3>\n<ul data-start=\"949\" data-end=\"1260\">\n<li data-start=\"949\" data-end=\"972\">\n<p data-start=\"951\" data-end=\"972\"><span dir=\"auto\">Capit\u00e1n profesional<\/span><\/p>\n<\/li>\n<li data-start=\"973\" data-end=\"999\">\n<p data-start=\"975\" data-end=\"999\"><span dir=\"auto\">Tripulaci\u00f3n entrenada<\/span><\/p>\n<\/li>\n<li data-start=\"1000\" data-end=\"1024\">\n<p data-start=\"1002\" data-end=\"1024\"><span dir=\"auto\">Combustible incluido<\/span><\/p>\n<\/li>\n<li data-start=\"1025\" data-end=\"1072\">\n<p data-start=\"1027\" data-end=\"1072\"><span dir=\"auto\">Crucero nocturno panor\u00e1mico por la bah\u00eda<\/span><\/p>\n<\/li>\n<li data-start=\"1073\" data-end=\"1151\">\n<p data-start=\"1075\" data-end=\"1151\"><span dir=\"auto\">Cena completa servida en cuatro platos (2 entrantes, plato principal y postre)<\/span><\/p>\n<\/li>\n<li data-start=\"1152\" data-end=\"1189\">\n<p data-start=\"1154\" data-end=\"1189\"><span dir=\"auto\">Media botella de vino por persona<\/span><\/p>\n<\/li>\n<li data-start=\"1190\" data-end=\"1226\">\n<p data-start=\"1192\" data-end=\"1226\"><span dir=\"auto\">Ambientes confortables y climatizados<\/span><\/p>\n<\/li>\n<li data-start=\"1227\" data-end=\"1260\">\n<p data-start=\"1229\" data-end=\"1260\"><span dir=\"auto\">Ba\u00f1os de damas y caballeros<\/span><\/p>\n<\/li>\n<\/ul>\n<hr data-start=\"1262\" data-end=\"1265\" \/>\n<h3 data-start=\"1267\" data-end=\"1287\"><span dir=\"auto\">Recomendaciones:<\/span><\/h3>\n<ul data-start=\"1289\" data-end=\"1558\">\n<li data-start=\"1289\" data-end=\"1352\">\n<p data-start=\"1291\" data-end=\"1352\"><span dir=\"auto\">V\u00edstete\u00a0<\/span><strong data-start=\"1297\" data-end=\"1316\"><span dir=\"auto\">elegantemente casual<\/span><\/strong><span dir=\"auto\">\u00a0, ideal para fotos y celebraciones.<\/span><\/p>\n<\/li>\n<li data-start=\"1353\" data-end=\"1402\">\n<p data-start=\"1355\" data-end=\"1402\"><span dir=\"auto\">Llegar al menos 30 minutos antes<\/span><\/p>\n<\/li>\n<li data-start=\"1403\" data-end=\"1460\">\n<p data-start=\"1405\" data-end=\"1460\"><span dir=\"auto\">Ideal para aniversarios, compromisos o cumplea\u00f1os.<\/span><\/p>\n<\/li>\n<li data-start=\"1461\" data-end=\"1502\">\n<p data-start=\"1463\" data-end=\"1502\"><span dir=\"auto\">Servicio compartido \u2013 plazas limitadas<\/span><\/p>\n<\/li>\n<li data-start=\"1503\" data-end=\"1558\">\n<p data-start=\"1505\" data-end=\"1558\"><span dir=\"auto\">Alta demanda durante la temporada alta: reserve con anticipaci\u00f3n<\/span><\/p>\n<\/li>\n<\/ul>\n<hr data-start=\"1560\" data-end=\"1563\" \/>\n<h3 data-start=\"1565\" data-end=\"1591\"><span dir=\"auto\">Condiciones y reserva:<\/span><\/h3>\n<ul data-start=\"1593\" data-end=\"1707\">\n<li data-start=\"1593\" data-end=\"1629\">\n<p data-start=\"1595\" data-end=\"1629\"><span dir=\"auto\">Tarifas sujetas a disponibilidad<\/span><\/p>\n<\/li>\n<li data-start=\"1630\" data-end=\"1679\">\n<p data-start=\"1632\" data-end=\"1679\"><span dir=\"auto\">Actividad recomendada para mayores de 18 a\u00f1os.<\/span><\/p>\n<\/li>\n<li data-start=\"1680\" data-end=\"1707\">\n<p data-start=\"1682\" data-end=\"1707\"><span dir=\"auto\">Se requiere reserva previa<\/span><\/p>\n<\/li>\n<\/ul>\n","protected":false},"featured_media":2834,"comment_status":"open","ping_status":"closed","template":"","meta":[],"product_brand":[],"product_cat":[46,49],"product_tag":[],"class_list":{"0":"post-2833","1":"product","2":"type-product","3":"status-publish","4":"has-post-thumbnail","6":"product_cat-tours","7":"product_cat-yate","9":"first","10":"instock","11":"shipping-taxable","12":"purchasable","13":"product-type-simple"},"_links":{"self":[{"href":"https:\/\/lodgingcartagena.com\/index.php\/wp-json\/wp\/v2\/product\/2833","targetHints":{"allow":["GET"]}}],"collection":[{"href":"https:\/\/lodgingcartagena.com\/index.php\/wp-json\/wp\/v2\/product"}],"about":[{"href":"https:\/\/lodgingcartagena.com\/index.php\/wp-json\/wp\/v2\/types\/product"}],"replies":[{"embeddable":true,"href":"https:\/\/lodgingcartagena.com\/index.php\/wp-json\/wp\/v2\/comments?post=2833"}],"wp:featuredmedia":[{"embeddable":true,"href":"https:\/\/lodgingcartagena.com\/index.php\/wp-json\/wp\/v2\/media\/2834"}],"wp:attachment":[{"href":"https:\/\/lodgingcartagena.com\/index.php\/wp-json\/wp\/v2\/media?parent=2833"}],"wp:term":[{"taxonomy":"product_brand","embeddable":true,"href":"https:\/\/lodgingcartagena.com\/index.php\/wp-json\/wp\/v2\/product_brand?post=2833"},{"taxonomy":"product_cat","embeddable":true,"href":"https:\/\/lodgingcartagena.com\/index.php\/wp-json\/wp\/v2\/product_cat?post=2833"},{"taxonomy":"product_tag","embeddable":true,"href":"https:\/\/lodgingcartagena.com\/index.php\/wp-json\/wp\/v2\/product_tag?post=2833"}],"curies":[{"name":"wp","href":"https:\/\/api.w.org\/{rel}","templated":true}]}}