{"id":2829,"date":"2025-09-14T22:16:06","date_gmt":"2025-09-15T03:16:06","guid":{"rendered":"https:\/\/lodgingcartagena.com\/?post_type=product&#038;p=2829"},"modified":"2025-09-14T22:16:06","modified_gmt":"2025-09-15T03:16:06","slug":"sibarita-master-sunset-tour-una-experiencia-magica-al-atardecer-sobre-el-mar","status":"publish","type":"product","link":"https:\/\/lodgingcartagena.com\/index.php\/producto\/sibarita-master-sunset-tour-una-experiencia-magica-al-atardecer-sobre-el-mar\/","title":{"rendered":"Sibarita Master Sunset Tour | Una experiencia m\u00e1gica al atardecer sobre el mar"},"content":{"rendered":"","protected":false},"excerpt":{"rendered":"<p data-start=\"265\" data-end=\"614\"><span dir=\"auto\">Vive una tarde inolvidable a bordo del\u00a0<\/span><strong data-start=\"304\" data-end=\"321\"><span dir=\"auto\">Siberita Tour<\/span><\/strong><span dir=\"auto\">\u00a0, un recorrido panor\u00e1mico por la bah\u00eda de Cartagena, perfecto para relajarte, brindar y disfrutar del paisaje caribe\u00f1o. Durante 90 minutos, navegar\u00e1s con barra libre, m\u00fasica a bordo y el ambiente perfecto para compartir con tu pareja o amigos mientras contemplas el atardecer m\u00e1s emblem\u00e1tico de la ciudad.<\/span><\/p>\n<p data-start=\"616\" data-end=\"708\"><span dir=\"auto\">Perfecto para desconectar y capturar recuerdos inolvidables frente a la ciudad amurallada.<\/span><\/p>\n<hr data-start=\"710\" data-end=\"713\" \/>\n<h3 data-start=\"715\" data-end=\"748\"><span dir=\"auto\">Horario y punto de encuentro:<\/span><\/h3>\n<ul data-start=\"749\" data-end=\"935\">\n<li data-start=\"749\" data-end=\"777\">\n<p data-start=\"751\" data-end=\"777\"><strong data-start=\"751\" data-end=\"764\"><span dir=\"auto\">Embarque:<\/span><\/strong><span dir=\"auto\">\u00a016:30 horas<\/span><\/p>\n<\/li>\n<li data-start=\"778\" data-end=\"803\">\n<p data-start=\"780\" data-end=\"803\"><strong data-start=\"780\" data-end=\"790\"><span dir=\"auto\">Navegaci\u00f3n:<\/span><\/strong><span dir=\"auto\">\u00a017:00 horas<\/span><\/p>\n<\/li>\n<li data-start=\"804\" data-end=\"850\">\n<p data-start=\"806\" data-end=\"850\"><strong data-start=\"806\" data-end=\"828\"><span dir=\"auto\">D\u00edas de funcionamiento:<\/span><\/strong><span dir=\"auto\">\u00a0mi\u00e9rcoles a domingo<\/span><\/p>\n<\/li>\n<li data-start=\"851\" data-end=\"879\">\n<p data-start=\"853\" data-end=\"879\"><strong data-start=\"853\" data-end=\"866\"><span dir=\"auto\">Duraci\u00f3n:<\/span><\/strong><span dir=\"auto\">\u00a090 minutos<\/span><\/p>\n<\/li>\n<li data-start=\"880\" data-end=\"935\">\n<p data-start=\"882\" data-end=\"935\"><strong data-start=\"882\" data-end=\"895\"><span dir=\"auto\">Embarque:<\/span><\/strong><span dir=\"auto\">\u00a0Muelle de madera \u2013 Muelle Los Pegasos<\/span><\/p>\n<\/li>\n<\/ul>\n<hr data-start=\"937\" data-end=\"940\" \/>\n<h3 data-start=\"942\" data-end=\"959\"><span dir=\"auto\">\u00bfQu\u00e9 incluye?<\/span><\/h3>\n<ul data-start=\"961\" data-end=\"1146\">\n<li data-start=\"961\" data-end=\"984\">\n<p data-start=\"963\" data-end=\"984\"><span dir=\"auto\">Capit\u00e1n profesional<\/span><\/p>\n<\/li>\n<li data-start=\"985\" data-end=\"1009\">\n<p data-start=\"987\" data-end=\"1009\"><span dir=\"auto\">Combustible incluido<\/span><\/p>\n<\/li>\n<li data-start=\"1010\" data-end=\"1043\">\n<p data-start=\"1012\" data-end=\"1043\"><span dir=\"auto\">Paseo panor\u00e1mico por la bah\u00eda<\/span><\/p>\n<\/li>\n<li data-start=\"1044\" data-end=\"1072\">\n<p data-start=\"1046\" data-end=\"1072\"><span dir=\"auto\">Barra libre de bebidas<\/span><\/p>\n<\/li>\n<li data-start=\"1073\" data-end=\"1091\">\n<p data-start=\"1075\" data-end=\"1091\"><span dir=\"auto\">M\u00fasica a bordo<\/span><\/p>\n<\/li>\n<li data-start=\"1092\" data-end=\"1112\">\n<p data-start=\"1094\" data-end=\"1112\"><span dir=\"auto\">Servicio a bordo<\/span><\/p>\n<\/li>\n<li data-start=\"1113\" data-end=\"1146\">\n<p data-start=\"1115\" data-end=\"1146\"><span dir=\"auto\">Ba\u00f1os de damas y caballeros<\/span><\/p>\n<\/li>\n<\/ul>\n<hr data-start=\"1148\" data-end=\"1151\" \/>\n<h3 data-start=\"1153\" data-end=\"1191\"><span dir=\"auto\">Servicios adicionales (con coste):<\/span><\/h3>\n<ul data-start=\"1193\" data-end=\"1239\">\n<li data-start=\"1193\" data-end=\"1225\">\n<p data-start=\"1195\" data-end=\"1225\"><span dir=\"auto\">Selecci\u00f3n de bebidas premium<\/span><\/p>\n<\/li>\n<li data-start=\"1226\" data-end=\"1239\">\n<p data-start=\"1228\" data-end=\"1239\"><span dir=\"auto\">Aperitivos<\/span><\/p>\n<\/li>\n<\/ul>\n<hr data-start=\"1241\" data-end=\"1244\" \/>\n<h3 data-start=\"1246\" data-end=\"1266\"><span dir=\"auto\">Recomendaciones:<\/span><\/h3>\n<ul data-start=\"1268\" data-end=\"1512\">\n<li data-start=\"1268\" data-end=\"1326\">\n<p data-start=\"1270\" data-end=\"1326\"><span dir=\"auto\">V\u00edstete casualmente y con estilo, ideal para fotos del atardecer.<\/span><\/p>\n<\/li>\n<li data-start=\"1327\" data-end=\"1374\">\n<p data-start=\"1329\" data-end=\"1374\"><span dir=\"auto\">Llegar al menos 30 minutos antes<\/span><\/p>\n<\/li>\n<li data-start=\"1375\" data-end=\"1436\">\n<p data-start=\"1377\" data-end=\"1436\"><span dir=\"auto\">Servicio de tour compartido \u2013 salidas garantizadas<\/span><\/p>\n<\/li>\n<li data-start=\"1437\" data-end=\"1492\">\n<p data-start=\"1439\" data-end=\"1492\"><span dir=\"auto\">Alta demanda durante la temporada alta: reserve con anticipaci\u00f3n<\/span><\/p>\n<\/li>\n<li data-start=\"1493\" data-end=\"1512\">\n<p data-start=\"1495\" data-end=\"1512\"><span dir=\"auto\">Plazas limitadas<\/span><\/p>\n<\/li>\n<\/ul>\n<hr data-start=\"1514\" data-end=\"1517\" \/>\n<h3 data-start=\"1519\" data-end=\"1545\"><span dir=\"auto\">Condiciones y reserva:<\/span><\/h3>\n<ul data-start=\"1547\" data-end=\"1659\">\n<li data-start=\"1547\" data-end=\"1583\">\n<p data-start=\"1549\" data-end=\"1583\"><span dir=\"auto\">Tarifas sujetas a disponibilidad<\/span><\/p>\n<\/li>\n<li data-start=\"1584\" data-end=\"1633\">\n<p data-start=\"1586\" data-end=\"1633\"><span dir=\"auto\">Actividad recomendada para mayores de 18 a\u00f1os.<\/span><\/p>\n<\/li>\n<li data-start=\"1634\" data-end=\"1659\">\n<p data-start=\"1636\" data-end=\"1659\"><span dir=\"auto\">Se requiere reserva previa<\/span><\/p>\n<\/li>\n<\/ul>\n","protected":false},"featured_media":2831,"comment_status":"open","ping_status":"closed","template":"","meta":[],"product_brand":[],"product_cat":[46,49],"product_tag":[],"class_list":{"0":"post-2829","1":"product","2":"type-product","3":"status-publish","4":"has-post-thumbnail","6":"product_cat-tours","7":"product_cat-yate","9":"first","10":"instock","11":"shipping-taxable","12":"purchasable","13":"product-type-simple"},"_links":{"self":[{"href":"https:\/\/lodgingcartagena.com\/index.php\/wp-json\/wp\/v2\/product\/2829","targetHints":{"allow":["GET"]}}],"collection":[{"href":"https:\/\/lodgingcartagena.com\/index.php\/wp-json\/wp\/v2\/product"}],"about":[{"href":"https:\/\/lodgingcartagena.com\/index.php\/wp-json\/wp\/v2\/types\/product"}],"replies":[{"embeddable":true,"href":"https:\/\/lodgingcartagena.com\/index.php\/wp-json\/wp\/v2\/comments?post=2829"}],"wp:featuredmedia":[{"embeddable":true,"href":"https:\/\/lodgingcartagena.com\/index.php\/wp-json\/wp\/v2\/media\/2831"}],"wp:attachment":[{"href":"https:\/\/lodgingcartagena.com\/index.php\/wp-json\/wp\/v2\/media?parent=2829"}],"wp:term":[{"taxonomy":"product_brand","embeddable":true,"href":"https:\/\/lodgingcartagena.com\/index.php\/wp-json\/wp\/v2\/product_brand?post=2829"},{"taxonomy":"product_cat","embeddable":true,"href":"https:\/\/lodgingcartagena.com\/index.php\/wp-json\/wp\/v2\/product_cat?post=2829"},{"taxonomy":"product_tag","embeddable":true,"href":"https:\/\/lodgingcartagena.com\/index.php\/wp-json\/wp\/v2\/product_tag?post=2829"}],"curies":[{"name":"wp","href":"https:\/\/api.w.org\/{rel}","templated":true}]}}