{"id":2810,"date":"2025-09-14T21:12:11","date_gmt":"2025-09-15T02:12:11","guid":{"rendered":"https:\/\/lodgingcartagena.com\/?post_type=product&#038;p=2810"},"modified":"2025-09-14T21:12:11","modified_gmt":"2025-09-15T02:12:11","slug":"chiva-rumbera-cartagena","status":"publish","type":"product","link":"https:\/\/lodgingcartagena.com\/index.php\/producto\/chiva-rumbera-cartagena\/","title":{"rendered":"Chiva Rumbera &#8211; Cartagena"},"content":{"rendered":"","protected":false},"excerpt":{"rendered":"<p data-start=\"286\" data-end=\"734\"><span dir=\"auto\">Disfruta de la vibrante esencia de Cartagena con un recorrido lleno de m\u00fasica, historia y fiesta a bordo de una aut\u00e9ntica\u00a0<\/span><strong data-start=\"405\" data-end=\"422\"><span dir=\"auto\">chiva rumba<\/span><\/strong><span dir=\"auto\">\u00a0. Vive dos horas de alegr\u00eda recorriendo los lugares m\u00e1s emblem\u00e1ticos de la ciudad, como la Torre del Reloj, el Castillo de San Felipe y el Centro Amurallado. Con m\u00fasica en directo, entretenimiento en vivo y una parada en una discoteca, esta experiencia combina lo mejor de la escena tur\u00edstica y la rumba de Cartagena en una sola noche.<\/span><\/p>\n<p data-start=\"736\" data-end=\"843\"><span dir=\"auto\">Ideal para quienes quieran explorar la ciudad al ritmo del Caribe, en un ambiente alegre y en\u00e9rgico.<\/span><\/p>\n<hr data-start=\"845\" data-end=\"848\" \/>\n<h3 data-start=\"850\" data-end=\"872\"><span dir=\"auto\">Punto de partida:<\/span><\/h3>\n<p data-start=\"873\" data-end=\"1022\"><span dir=\"auto\">Recogida en hoteles ubicados en Bocagrande y El Laguito<\/span><br data-start=\"928\" data-end=\"931\" \/><span dir=\"auto\">Hora de inicio: A confirmar seg\u00fan disponibilidad<\/span><br data-start=\"982\" data-end=\"985\" \/><span dir=\"auto\">Duraci\u00f3n aproximada del tour: 2 horas<\/span><\/p>\n<hr data-start=\"1024\" data-end=\"1027\" \/>\n<h3 data-start=\"1029\" data-end=\"1046\"><span dir=\"auto\">\u00bfQu\u00e9 incluye?<\/span><\/h3>\n<ul data-start=\"1048\" data-end=\"1472\">\n<li data-start=\"1048\" data-end=\"1109\">\n<p data-start=\"1050\" data-end=\"1109\"><span dir=\"auto\">Recogida en la puerta del hotel (Bocagrande y El Laguito)<\/span><\/p>\n<\/li>\n<li data-start=\"1110\" data-end=\"1159\">\n<p data-start=\"1112\" data-end=\"1159\"><span dir=\"auto\">Recorrido de 2 horas en una chiva tradicional decorada<\/span><\/p>\n<\/li>\n<li data-start=\"1160\" data-end=\"1205\">\n<p data-start=\"1162\" data-end=\"1205\"><span dir=\"auto\">M\u00fasica crossover a lo largo del viaje<\/span><\/p>\n<\/li>\n<li data-start=\"1206\" data-end=\"1246\">\n<p data-start=\"1208\" data-end=\"1246\"><span dir=\"auto\">Animaci\u00f3n dirigida por gu\u00edas locales.<\/span><\/p>\n<\/li>\n<li data-start=\"1247\" data-end=\"1359\">\n<p data-start=\"1249\" data-end=\"1270\"><span dir=\"auto\">Paradas tur\u00edsticas:<\/span><\/p>\n<ul data-start=\"1273\" data-end=\"1359\">\n<li data-start=\"1273\" data-end=\"1306\">\n<p data-start=\"1275\" data-end=\"1306\"><span dir=\"auto\">Monumento de las Botas Viejas<\/span><\/p>\n<\/li>\n<li data-start=\"1309\" data-end=\"1359\">\n<p data-start=\"1311\" data-end=\"1359\"><span dir=\"auto\">Castillo de San Felipe de Barajas (panor\u00e1mico)<\/span><\/p>\n<\/li>\n<\/ul>\n<\/li>\n<li data-start=\"1360\" data-end=\"1419\">\n<p data-start=\"1362\" data-end=\"1419\"><span dir=\"auto\">Entrada gratuita a una discoteca del Centro Hist\u00f3rico<\/span><\/p>\n<\/li>\n<li data-start=\"1420\" data-end=\"1472\">\n<p data-start=\"1422\" data-end=\"1472\"><span dir=\"auto\">Es hora de tomar fotos y disfrutar del ambiente nocturno.<\/span><\/p>\n<\/li>\n<\/ul>\n<hr data-start=\"1474\" data-end=\"1477\" \/>\n<h3 data-start=\"1479\" data-end=\"1494\"><span dir=\"auto\">No incluido:<\/span><\/h3>\n<ul data-start=\"1496\" data-end=\"1651\">\n<li data-start=\"1496\" data-end=\"1531\">\n<p data-start=\"1498\" data-end=\"1531\"><span dir=\"auto\">Consumo dentro de la discoteca<\/span><\/p>\n<\/li>\n<li data-start=\"1532\" data-end=\"1587\">\n<p data-start=\"1534\" data-end=\"1587\"><span dir=\"auto\">Entradas a monumentos o visitas guiadas<\/span><\/p>\n<\/li>\n<li data-start=\"1588\" data-end=\"1651\">\n<p data-start=\"1590\" data-end=\"1651\"><span dir=\"auto\">Transporte de regreso al hotel (opcional con costo adicional)<\/span><\/p>\n<\/li>\n<\/ul>\n<hr data-start=\"1653\" data-end=\"1656\" \/>\n<h3 data-start=\"1658\" data-end=\"1678\"><span dir=\"auto\">Recomendaciones:<\/span><\/h3>\n<p data-start=\"1680\" data-end=\"1876\"><span dir=\"auto\">Use ropa c\u00f3moda y ligera para la noche y lleve consigo documentos personales y dinero en efectivo para gastos adicionales.<\/span><br data-start=\"1785\" data-end=\"1788\" \/><span dir=\"auto\">No recomendado para menores ni personas sensibles a la m\u00fasica alta.<\/span><\/p>\n<hr data-start=\"1878\" data-end=\"1881\" \/>\n<h3 data-start=\"1883\" data-end=\"1921\"><span dir=\"auto\">Condiciones y pol\u00edtica de reservas:<\/span><\/h3>\n<p data-start=\"1923\" data-end=\"2193\"><span dir=\"auto\">Cupo limitado: reserve con antelaci\u00f3n.<\/span><br data-start=\"1966\" data-end=\"1969\" \/><span dir=\"auto\">Cancelaciones con 24 horas o m\u00e1s de antelaci\u00f3n: reembolso del 70 %.<\/span><br data-start=\"2037\" data-end=\"2040\" \/><span dir=\"auto\">Actividad sujeta a condiciones log\u00edsticas y disponibilidad de discotecas.<\/span><br data-start=\"2113\" data-end=\"2116\" \/><span dir=\"auto\">Ni\u00f1os de 3 a\u00f1os o m\u00e1s pagan tarifa completa (no se recomienda para menores).<\/span><\/p>\n","protected":false},"featured_media":2814,"comment_status":"open","ping_status":"closed","template":"","meta":[],"product_brand":[],"product_cat":[48,46],"product_tag":[],"class_list":{"0":"post-2810","1":"product","2":"type-product","3":"status-publish","4":"has-post-thumbnail","6":"product_cat-city-tour","7":"product_cat-tours","9":"first","10":"instock","11":"shipping-taxable","12":"purchasable","13":"product-type-simple"},"_links":{"self":[{"href":"https:\/\/lodgingcartagena.com\/index.php\/wp-json\/wp\/v2\/product\/2810","targetHints":{"allow":["GET"]}}],"collection":[{"href":"https:\/\/lodgingcartagena.com\/index.php\/wp-json\/wp\/v2\/product"}],"about":[{"href":"https:\/\/lodgingcartagena.com\/index.php\/wp-json\/wp\/v2\/types\/product"}],"replies":[{"embeddable":true,"href":"https:\/\/lodgingcartagena.com\/index.php\/wp-json\/wp\/v2\/comments?post=2810"}],"wp:featuredmedia":[{"embeddable":true,"href":"https:\/\/lodgingcartagena.com\/index.php\/wp-json\/wp\/v2\/media\/2814"}],"wp:attachment":[{"href":"https:\/\/lodgingcartagena.com\/index.php\/wp-json\/wp\/v2\/media?parent=2810"}],"wp:term":[{"taxonomy":"product_brand","embeddable":true,"href":"https:\/\/lodgingcartagena.com\/index.php\/wp-json\/wp\/v2\/product_brand?post=2810"},{"taxonomy":"product_cat","embeddable":true,"href":"https:\/\/lodgingcartagena.com\/index.php\/wp-json\/wp\/v2\/product_cat?post=2810"},{"taxonomy":"product_tag","embeddable":true,"href":"https:\/\/lodgingcartagena.com\/index.php\/wp-json\/wp\/v2\/product_tag?post=2810"}],"curies":[{"name":"wp","href":"https:\/\/api.w.org\/{rel}","templated":true}]}}