{"id":2806,"date":"2025-09-14T20:14:07","date_gmt":"2025-09-15T01:14:07","guid":{"rendered":"https:\/\/lodgingcartagena.com\/?post_type=product&#038;p=2806"},"modified":"2025-09-14T20:14:07","modified_gmt":"2025-09-15T01:14:07","slug":"city-tour-cartagena-de-indias-historia-cultura-y-encanto-colonial-en-cada-rincon-de-la-ciudad","status":"publish","type":"product","link":"https:\/\/lodgingcartagena.com\/index.php\/producto\/city-tour-cartagena-de-indias-historia-cultura-y-encanto-colonial-en-cada-rincon-de-la-ciudad\/","title":{"rendered":"City Tour &#8211; Cartagena de Indias | Historia, cultura y encanto colonial en cada rinc\u00f3n de la ciudad"},"content":{"rendered":"","protected":false},"excerpt":{"rendered":"<p data-start=\"271\" data-end=\"747\"><span dir=\"auto\">Explora Cartagena de Indias en un recorrido lleno de historia, arquitectura y tradici\u00f3n. Descubre los lugares m\u00e1s emblem\u00e1ticos de la ciudad, como\u00a0<\/span><strong data-start=\"422\" data-end=\"448\"><span dir=\"auto\">el Castillo de San Felipe<\/span><\/strong><span dir=\"auto\">\u00a0, el\u00a0<\/span><strong data-start=\"453\" data-end=\"485\"><span dir=\"auto\">Monumento a las Botas Viejas<\/span><\/strong><span dir=\"auto\">\u00a0y la\u00a0<\/span><strong data-start=\"491\" data-end=\"512\"><span dir=\"auto\">Ciudad Amurallada<\/span><\/strong><span dir=\"auto\">\u00a0, todo acompa\u00f1ado de un gu\u00eda local que te sumergir\u00e1 en las historias y leyendas que hacen de esta ciudad Patrimonio de la Humanidad. Vive un viaje en el tiempo, paso a paso, a trav\u00e9s de calles coloniales y murallas centenarias.<\/span><\/p>\n<p data-start=\"749\" data-end=\"851\"><span dir=\"auto\">Ideal para quienes quieran vivir la esencia cultural y patrimonial de Cartagena en un solo recorrido.<\/span><\/p>\n<hr data-start=\"853\" data-end=\"856\" \/>\n<h3 data-start=\"858\" data-end=\"880\"><span dir=\"auto\">Punto de partida:<\/span><\/h3>\n<p data-start=\"881\" data-end=\"1025\"><span dir=\"auto\">Recogida en hoteles ubicados en Bocagrande y El Laguito<\/span><br data-start=\"936\" data-end=\"939\" \/><span dir=\"auto\">Hora de salida: A confirmar seg\u00fan disponibilidad<\/span><br data-start=\"990\" data-end=\"993\" \/><span dir=\"auto\">Duraci\u00f3n aproximada: 3 a 4 horas<\/span><\/p>\n<hr data-start=\"1027\" data-end=\"1030\" \/>\n<h3 data-start=\"1032\" data-end=\"1049\"><span dir=\"auto\">\u00bfQu\u00e9 incluye?<\/span><\/h3>\n<ul data-start=\"1051\" data-end=\"1390\">\n<li data-start=\"1051\" data-end=\"1112\">\n<p data-start=\"1053\" data-end=\"1112\"><span dir=\"auto\">Recogida en la puerta del hotel (Bocagrande y El Laguito)<\/span><\/p>\n<\/li>\n<li data-start=\"1113\" data-end=\"1171\">\n<p data-start=\"1115\" data-end=\"1171\"><span dir=\"auto\">Acompa\u00f1amiento de gu\u00eda local durante todo el recorrido.<\/span><\/p>\n<\/li>\n<li data-start=\"1172\" data-end=\"1224\">\n<p data-start=\"1174\" data-end=\"1224\"><span dir=\"auto\">Entrada al\u00a0<\/span><strong data-start=\"1185\" data-end=\"1222\"><span dir=\"auto\">Castillo de San Felipe de Barajas<\/span><\/strong><\/p>\n<\/li>\n<li data-start=\"1225\" data-end=\"1346\">\n<p data-start=\"1227\" data-end=\"1249\"><span dir=\"auto\">Visita panor\u00e1mica a:<\/span><\/p>\n<ul data-start=\"1252\" data-end=\"1346\">\n<li data-start=\"1252\" data-end=\"1277\">\n<p data-start=\"1254\" data-end=\"1277\"><strong data-start=\"1254\" data-end=\"1275\"><span dir=\"auto\">Ciudad amurallada<\/span><\/strong><\/p>\n<\/li>\n<li data-start=\"1280\" data-end=\"1316\">\n<p data-start=\"1282\" data-end=\"1316\"><strong data-start=\"1282\" data-end=\"1314\"><span dir=\"auto\">Monumento a las Botas Viejas<\/span><\/strong><\/p>\n<\/li>\n<li data-start=\"1319\" data-end=\"1346\">\n<p data-start=\"1321\" data-end=\"1346\"><strong data-start=\"1321\" data-end=\"1344\"><span dir=\"auto\">Cartas desde Cartagena<\/span><\/strong><\/p>\n<\/li>\n<\/ul>\n<\/li>\n<li data-start=\"1347\" data-end=\"1390\">\n<p data-start=\"1349\" data-end=\"1390\"><span dir=\"auto\">Tiempo para fotos y paseo guiado.<\/span><\/p>\n<\/li>\n<\/ul>\n<hr data-start=\"1392\" data-end=\"1395\" \/>\n<h3 data-start=\"1397\" data-end=\"1412\"><span dir=\"auto\">No incluido:<\/span><\/h3>\n<ul data-start=\"1414\" data-end=\"1576\">\n<li data-start=\"1414\" data-end=\"1458\">\n<p data-start=\"1416\" data-end=\"1458\"><span dir=\"auto\">Consumo personal durante el recorrido<\/span><\/p>\n<\/li>\n<li data-start=\"1459\" data-end=\"1524\">\n<p data-start=\"1461\" data-end=\"1524\"><span dir=\"auto\">Transporte de regreso al hotel (opcional con costo adicional)<\/span><\/p>\n<\/li>\n<li data-start=\"1525\" data-end=\"1576\">\n<p data-start=\"1527\" data-end=\"1576\"><span dir=\"auto\">Entradas o actividades adicionales no mencionadas<\/span><\/p>\n<\/li>\n<\/ul>\n<hr data-start=\"1578\" data-end=\"1581\" \/>\n<h3 data-start=\"1583\" data-end=\"1603\"><span dir=\"auto\">Recomendaciones:<\/span><\/h3>\n<p data-start=\"1605\" data-end=\"1813\"><span dir=\"auto\">Use ropa ligera, protector solar, sombrero o gorra y zapatos c\u00f3modos para caminar.<\/span><br data-start=\"1688\" data-end=\"1691\" \/><span dir=\"auto\">Lleve agua y documentos personales.<\/span><br data-start=\"1727\" data-end=\"1730\" \/><span dir=\"auto\">Se recomienda llegar al menos 10 minutos antes de la hora de recogida.<\/span><\/p>\n<hr data-start=\"1815\" data-end=\"1818\" \/>\n<h3 data-start=\"1820\" data-end=\"1858\"><span dir=\"auto\">Condiciones y pol\u00edtica de reservas:<\/span><\/h3>\n<p data-start=\"1860\" data-end=\"2114\"><span dir=\"auto\">El tour est\u00e1 sujeto a disponibilidad y condiciones clim\u00e1ticas.<\/span><br data-start=\"1922\" data-end=\"1925\" \/><span dir=\"auto\">Reserve con anticipaci\u00f3n y abone el 50% del dep\u00f3sito.<\/span><br data-start=\"1974\" data-end=\"1977\" \/><span dir=\"auto\">Cancelaciones con 24 horas o m\u00e1s de anticipaci\u00f3n: reembolso del 70%.<\/span><br data-start=\"2045\" data-end=\"2048\" \/><span dir=\"auto\">Ni\u00f1os de 3 a\u00f1os o m\u00e1s pagan tarifa completa.<\/span><br data-start=\"2095\" data-end=\"2098\" \/><span dir=\"auto\">Plazas limitadas.<\/span><\/p>\n","protected":false},"featured_media":2807,"comment_status":"open","ping_status":"closed","template":"","meta":[],"product_brand":[],"product_cat":[48],"product_tag":[],"class_list":{"0":"post-2806","1":"product","2":"type-product","3":"status-publish","4":"has-post-thumbnail","6":"product_cat-city-tour","8":"first","9":"instock","10":"shipping-taxable","11":"purchasable","12":"product-type-simple"},"_links":{"self":[{"href":"https:\/\/lodgingcartagena.com\/index.php\/wp-json\/wp\/v2\/product\/2806","targetHints":{"allow":["GET"]}}],"collection":[{"href":"https:\/\/lodgingcartagena.com\/index.php\/wp-json\/wp\/v2\/product"}],"about":[{"href":"https:\/\/lodgingcartagena.com\/index.php\/wp-json\/wp\/v2\/types\/product"}],"replies":[{"embeddable":true,"href":"https:\/\/lodgingcartagena.com\/index.php\/wp-json\/wp\/v2\/comments?post=2806"}],"wp:featuredmedia":[{"embeddable":true,"href":"https:\/\/lodgingcartagena.com\/index.php\/wp-json\/wp\/v2\/media\/2807"}],"wp:attachment":[{"href":"https:\/\/lodgingcartagena.com\/index.php\/wp-json\/wp\/v2\/media?parent=2806"}],"wp:term":[{"taxonomy":"product_brand","embeddable":true,"href":"https:\/\/lodgingcartagena.com\/index.php\/wp-json\/wp\/v2\/product_brand?post=2806"},{"taxonomy":"product_cat","embeddable":true,"href":"https:\/\/lodgingcartagena.com\/index.php\/wp-json\/wp\/v2\/product_cat?post=2806"},{"taxonomy":"product_tag","embeddable":true,"href":"https:\/\/lodgingcartagena.com\/index.php\/wp-json\/wp\/v2\/product_tag?post=2806"}],"curies":[{"name":"wp","href":"https:\/\/api.w.org\/{rel}","templated":true}]}}