{"id":2800,"date":"2025-09-14T19:56:47","date_gmt":"2025-09-15T00:56:47","guid":{"rendered":"https:\/\/lodgingcartagena.com\/?post_type=product&#038;p=2800"},"modified":"2025-09-14T19:56:47","modified_gmt":"2025-09-15T00:56:47","slug":"playa-blanca-isla-baru-bus-con-aire-acondicionado-un-paraiso-de-arena-blanca-y-aguas-turquesas-a-tu-alcance-por-tierra","status":"publish","type":"product","link":"https:\/\/lodgingcartagena.com\/index.php\/producto\/playa-blanca-isla-baru-bus-con-aire-acondicionado-un-paraiso-de-arena-blanca-y-aguas-turquesas-a-tu-alcance-por-tierra\/","title":{"rendered":"Playa Blanca &#8211; Isla Bar\u00fa &#8211; (Bus con aire acondicionado) | Un para\u00edso de arena blanca y aguas turquesas a tu alcance por tierra"},"content":{"rendered":"","protected":false},"excerpt":{"rendered":"<p data-start=\"289\" data-end=\"662\"><span dir=\"auto\">Explora una de las playas m\u00e1s famosas del Caribe colombiano con esta excursi\u00f3n de un d\u00eda a\u00a0<\/span><strong data-start=\"369\" data-end=\"385\"><span dir=\"auto\">Playa Blanca<\/span><\/strong><span dir=\"auto\">\u00a0, Isla de Bar\u00fa. Accede por tierra en un c\u00f3modo transporte y disfruta de un d\u00eda lleno de sol, mar y sabor local. Esta experiencia es perfecta para quienes buscan una escapada relajante sin necesidad de barco, e ideal para familias, grupos o viajeros que prefieren viajar por tierra.<\/span><\/p>\n<p data-start=\"664\" data-end=\"753\"><span dir=\"auto\">Ideal para disfrutar del mar con comodidad, seguridad y un almuerzo t\u00edpico a la orilla del mar.<\/span><\/p>\n<hr data-start=\"755\" data-end=\"758\" \/>\n<h3 data-start=\"760\" data-end=\"782\"><span dir=\"auto\">Punto de partida:<\/span><\/h3>\n<p data-start=\"783\" data-end=\"930\"><span dir=\"auto\">Recojo de hoteles ubicados en Bocagrande, El Laguito, Castillo Grande y Zona Norte.<\/span><br data-start=\"867\" data-end=\"870\" \/><span dir=\"auto\">Salida aproximada: 7:30 am.<\/span><br data-start=\"899\" data-end=\"902\" \/><span dir=\"auto\">Regreso estimado: 4:00 pm.<\/span><\/p>\n<hr data-start=\"932\" data-end=\"935\" \/>\n<h3 data-start=\"937\" data-end=\"954\"><span dir=\"auto\">\u00bfQu\u00e9 incluye?<\/span><\/h3>\n<ul data-start=\"956\" data-end=\"1242\">\n<li data-start=\"956\" data-end=\"1026\">\n<p data-start=\"958\" data-end=\"1026\"><span dir=\"auto\">Transporte de ida y vuelta en autob\u00fas tur\u00edstico con aire acondicionado.<\/span><\/p>\n<\/li>\n<li data-start=\"1027\" data-end=\"1058\">\n<p data-start=\"1029\" data-end=\"1058\"><span dir=\"auto\">Recogida y regreso al hotel<\/span><\/p>\n<\/li>\n<li data-start=\"1059\" data-end=\"1096\">\n<p data-start=\"1061\" data-end=\"1096\"><span dir=\"auto\">Acceso a Playa Blanca \u2013 Isla Bar\u00fa<\/span><\/p>\n<\/li>\n<li data-start=\"1097\" data-end=\"1200\">\n<p data-start=\"1099\" data-end=\"1200\"><span dir=\"auto\">Almuerzo t\u00edpico: pescado frito, arroz con coco, patacones, ensalada, bebida (limonada o aguapanela)<\/span><\/p>\n<\/li>\n<li data-start=\"1201\" data-end=\"1242\">\n<p data-start=\"1203\" data-end=\"1242\"><span dir=\"auto\">Tiempo libre para disfrutar de la playa.<\/span><\/p>\n<\/li>\n<\/ul>\n<hr data-start=\"1244\" data-end=\"1247\" \/>\n<h3 data-start=\"1249\" data-end=\"1264\"><span dir=\"auto\">No incluido:<\/span><\/h3>\n<ul data-start=\"1266\" data-end=\"1396\">\n<li data-start=\"1266\" data-end=\"1302\">\n<p data-start=\"1268\" data-end=\"1302\"><span dir=\"auto\">Snorkel ($40,000 por persona)<\/span><\/p>\n<\/li>\n<li data-start=\"1303\" data-end=\"1346\">\n<p data-start=\"1305\" data-end=\"1346\"><span dir=\"auto\">Alquiler de silla de playa o sombrilla<\/span><\/p>\n<\/li>\n<li data-start=\"1347\" data-end=\"1396\">\n<p data-start=\"1349\" data-end=\"1396\"><span dir=\"auto\">Bebidas adicionales o consumos no especificados<\/span><\/p>\n<\/li>\n<\/ul>\n<hr data-start=\"1398\" data-end=\"1401\" \/>\n<h3 data-start=\"1403\" data-end=\"1423\"><span dir=\"auto\">Recomendaciones:<\/span><\/h3>\n<p data-start=\"1425\" data-end=\"1648\"><span dir=\"auto\">Traiga traje de ba\u00f1o, toalla, ropa c\u00f3moda, protector solar, gafas de sol y gorra.<\/span><br data-start=\"1506\" data-end=\"1509\" \/><span dir=\"auto\">No se permite el ingreso de bebidas alcoh\u00f3licas ni refrigeradores.<\/span><br data-start=\"1572\" data-end=\"1575\" \/><span dir=\"auto\">El viaje por carretera puede estar concurrido, por lo que se recomienda puntualidad.<\/span><\/p>\n<hr data-start=\"1650\" data-end=\"1653\" \/>\n<h3 data-start=\"1655\" data-end=\"1693\"><span dir=\"auto\">Condiciones y pol\u00edtica de reservas:<\/span><\/h3>\n<p data-start=\"1695\" data-end=\"1942\"><span dir=\"auto\">El tour est\u00e1 sujeto a condiciones de movilidad y clim\u00e1ticas.<\/span><br data-start=\"1750\" data-end=\"1753\" \/><span dir=\"auto\">Reserve con anticipaci\u00f3n y abone el 50% del dep\u00f3sito.<\/span><br data-start=\"1802\" data-end=\"1805\" \/><span dir=\"auto\">Cancelaciones con 24 horas o m\u00e1s de anticipaci\u00f3n: reembolso del 70%.<\/span><br data-start=\"1873\" data-end=\"1876\" \/><span dir=\"auto\">Ni\u00f1os de 3 a\u00f1os o m\u00e1s pagan tarifa completa.<\/span><br data-start=\"1923\" data-end=\"1926\" \/><span dir=\"auto\">Plazas limitadas.<\/span><\/p>\n<hr data-start=\"1944\" data-end=\"1947\" \/>\n<p data-start=\"1949\" data-end=\"2103\"><strong data-start=\"1949\" data-end=\"2014\"><span dir=\"auto\">Reserva ahora y descubre Playa Blanca con Live Vacations Tour<\/span><\/strong><br data-start=\"2014\" data-end=\"2017\" \/><span dir=\"auto\">Una experiencia inolvidable de arena blanca y mar cristalino a solo unos pasos de Cartagena.<\/span><\/p>\n","protected":false},"featured_media":2801,"comment_status":"open","ping_status":"closed","template":"","meta":[],"product_brand":[],"product_cat":[47,46],"product_tag":[],"class_list":{"0":"post-2800","1":"product","2":"type-product","3":"status-publish","4":"has-post-thumbnail","6":"product_cat-isla","7":"product_cat-tours","9":"first","10":"instock","11":"shipping-taxable","12":"purchasable","13":"product-type-simple"},"_links":{"self":[{"href":"https:\/\/lodgingcartagena.com\/index.php\/wp-json\/wp\/v2\/product\/2800","targetHints":{"allow":["GET"]}}],"collection":[{"href":"https:\/\/lodgingcartagena.com\/index.php\/wp-json\/wp\/v2\/product"}],"about":[{"href":"https:\/\/lodgingcartagena.com\/index.php\/wp-json\/wp\/v2\/types\/product"}],"replies":[{"embeddable":true,"href":"https:\/\/lodgingcartagena.com\/index.php\/wp-json\/wp\/v2\/comments?post=2800"}],"wp:featuredmedia":[{"embeddable":true,"href":"https:\/\/lodgingcartagena.com\/index.php\/wp-json\/wp\/v2\/media\/2801"}],"wp:attachment":[{"href":"https:\/\/lodgingcartagena.com\/index.php\/wp-json\/wp\/v2\/media?parent=2800"}],"wp:term":[{"taxonomy":"product_brand","embeddable":true,"href":"https:\/\/lodgingcartagena.com\/index.php\/wp-json\/wp\/v2\/product_brand?post=2800"},{"taxonomy":"product_cat","embeddable":true,"href":"https:\/\/lodgingcartagena.com\/index.php\/wp-json\/wp\/v2\/product_cat?post=2800"},{"taxonomy":"product_tag","embeddable":true,"href":"https:\/\/lodgingcartagena.com\/index.php\/wp-json\/wp\/v2\/product_tag?post=2800"}],"curies":[{"name":"wp","href":"https:\/\/api.w.org\/{rel}","templated":true}]}}