{"id":2790,"date":"2025-09-14T19:49:39","date_gmt":"2025-09-15T00:49:39","guid":{"rendered":"https:\/\/lodgingcartagena.com\/?post_type=product&#038;p=2790"},"modified":"2025-09-14T19:49:39","modified_gmt":"2025-09-15T00:49:39","slug":"isla-palma-reserva-natural-vive-un-dia-inolvidable-en-una-isla-exclusiva-del-caribe-colombiano","status":"publish","type":"product","link":"https:\/\/lodgingcartagena.com\/index.php\/producto\/isla-palma-reserva-natural-vive-un-dia-inolvidable-en-una-isla-exclusiva-del-caribe-colombiano\/","title":{"rendered":"Isla Palma &#8211; Reserva Natural | Vive un d\u00eda inolvidable en una isla exclusiva del Caribe colombiano."},"content":{"rendered":"","protected":false},"excerpt":{"rendered":"<p><span dir=\"auto\">RESERVA NATURAL DE LA ISLA DE PALMA<\/span><\/p>\n<p><span dir=\"auto\">*EN BARCO MUELLE LA BODEGUITA*<\/span><\/p>\n<p><span dir=\"auto\">Salida: *MI\u00c9RCOLES Y S\u00c1BADO*<\/span><\/p>\n<p><span dir=\"auto\">\u23f0Zona Central a las 6:05 am<\/span><\/p>\n<p><span dir=\"auto\">\u23f0 Bocagrande a las 6:50 am.<\/span><\/p>\n<p><span dir=\"auto\">\ud83c\udd98 Seguro de viaje \ud83c\udd94 y gu\u00eda a bordo<\/span><\/p>\n<p><span dir=\"auto\">\ud83d\ude8e Recogida en el hotel hasta el Muelle de la Bodeguita<\/span><\/p>\n<p><span dir=\"auto\">\ud83e\udd6a Snack AM antes de embarcar.<\/span><\/p>\n<p><span dir=\"auto\">\ud83d\udea4 Abordamos la embarcaci\u00f3n para iniciar el recorrido por las Islas del Rosario y el Archipi\u00e9lago de San Bernardo<\/span><\/p>\n<p><span dir=\"auto\">Refrescante bienvenida en el hotel<\/span><\/p>\n<p><span dir=\"auto\">\ud83c\udf7d\ufe0fAlmuerzo Gourmet: Opci\u00f3n de una prote\u00edna (carne, pollo o pescado), guarniciones, barra de ensaladas, jugo y postre t\u00edpico<\/span><\/p>\n<p><span dir=\"auto\">Visita el Bioparque, donde disfrutar\u00e1s de una caminata educativa y aprender\u00e1s sobre la tortuga carey, la variedad de manglares y sus funciones en el ecosistema. Adem\u00e1s, aprender\u00e1s sobre muchas otras especies que lo habitan. (Recorrido de 45 minutos). No es obligatorio.<\/span><\/p>\n<p><span dir=\"auto\">\ud83c\udf0a\ud83e\udd3fDisfruta de la playa de arena blanca y agua turquesa ideal para hacer snorkel por sus paisajes submarinos los cuales te recomendamos, no olvides traer tu propio KIT<\/span><\/p>\n<p><span dir=\"auto\">\u2705Recomendaci\u00f3n traer ropa c\u00f3moda, bloqueador solar, toalla y equipo de snorkel.<\/span><\/p>\n<p><span dir=\"auto\">\ud83d\udeab No incluye tasa portuaria<\/span><\/p>\n<p><span dir=\"auto\">Valor $23.000 por persona, pago solo una vez en el Muelle de la Bodeguita<\/span><\/p>\n<p><span dir=\"auto\">\ud83d\udea4\u23f0El recorrido tiene una duraci\u00f3n aproximada de 1h30min-2h<\/span><\/p>\n<p>&nbsp;<\/p>\n<p><span dir=\"auto\">*Regreso a Cartagena*<\/span><\/p>\n<p><span dir=\"auto\">La salida del hotel ser\u00e1 a las 2:30 pm-3:00 pm (dependiendo las condiciones clim\u00e1ticas) de la isla para regresar a Cartagena a las 5:00 pm llegando al muelle de la Bodeguita, finalizando el servicio.<\/span><\/p>\n","protected":false},"featured_media":2792,"comment_status":"open","ping_status":"closed","template":"","meta":[],"product_brand":[],"product_cat":[47,46],"product_tag":[],"class_list":{"0":"post-2790","1":"product","2":"type-product","3":"status-publish","4":"has-post-thumbnail","6":"product_cat-isla","7":"product_cat-tours","9":"first","10":"instock","11":"shipping-taxable","12":"purchasable","13":"product-type-simple"},"_links":{"self":[{"href":"https:\/\/lodgingcartagena.com\/index.php\/wp-json\/wp\/v2\/product\/2790","targetHints":{"allow":["GET"]}}],"collection":[{"href":"https:\/\/lodgingcartagena.com\/index.php\/wp-json\/wp\/v2\/product"}],"about":[{"href":"https:\/\/lodgingcartagena.com\/index.php\/wp-json\/wp\/v2\/types\/product"}],"replies":[{"embeddable":true,"href":"https:\/\/lodgingcartagena.com\/index.php\/wp-json\/wp\/v2\/comments?post=2790"}],"wp:featuredmedia":[{"embeddable":true,"href":"https:\/\/lodgingcartagena.com\/index.php\/wp-json\/wp\/v2\/media\/2792"}],"wp:attachment":[{"href":"https:\/\/lodgingcartagena.com\/index.php\/wp-json\/wp\/v2\/media?parent=2790"}],"wp:term":[{"taxonomy":"product_brand","embeddable":true,"href":"https:\/\/lodgingcartagena.com\/index.php\/wp-json\/wp\/v2\/product_brand?post=2790"},{"taxonomy":"product_cat","embeddable":true,"href":"https:\/\/lodgingcartagena.com\/index.php\/wp-json\/wp\/v2\/product_cat?post=2790"},{"taxonomy":"product_tag","embeddable":true,"href":"https:\/\/lodgingcartagena.com\/index.php\/wp-json\/wp\/v2\/product_tag?post=2790"}],"curies":[{"name":"wp","href":"https:\/\/api.w.org\/{rel}","templated":true}]}}