{"id":2785,"date":"2025-09-14T19:45:25","date_gmt":"2025-09-15T00:45:25","guid":{"rendered":"https:\/\/lodgingcartagena.com\/?post_type=product&#038;p=2785"},"modified":"2025-09-14T19:45:25","modified_gmt":"2025-09-15T00:45:25","slug":"isla-de-lizamar-isla-del-rosario-diversion-naturaleza-y-confort-caribeno-frente-al-mar","status":"publish","type":"product","link":"https:\/\/lodgingcartagena.com\/index.php\/producto\/isla-de-lizamar-isla-del-rosario-diversion-naturaleza-y-confort-caribeno-frente-al-mar\/","title":{"rendered":"Isla de lizamar &#8211; isla del rosario | Diversi\u00f3n, naturaleza y confort caribe\u00f1o frente al mar"},"content":{"rendered":"<p data-end=\"789\" data-start=\"687\">.<\/p>\n","protected":false},"excerpt":{"rendered":"<p data-end=\"685\" data-start=\"247\">Vive una experiencia inolvidable en Isla Lizamar, ubicada en el coraz\u00f3n de las Islas del Rosario. Este exclusivo resort ofrece un entorno natural rodeado de aguas cristalinas, playas tranquilas y m\u00faltiples actividades recreativas. Disfruta de sus piscinas de agua dulce, tobog\u00e1n al mar, zonas de descanso con hamacas, juegos de mesa y mucho m\u00e1s. El tour incluye un recorrido panor\u00e1mico por las islas y un delicioso almuerzo buffet t\u00edpico.<\/p>\n<p data-end=\"789\" data-start=\"687\">Ideal para quienes buscan relajaci\u00f3n, entretenimiento y conexi\u00f3n con la belleza del Caribe colombiano<\/p>\n<hr data-end=\"794\" data-start=\"791\" \/>\n<h3 data-end=\"818\" data-start=\"796\">Punto de salida:<\/h3>\n<p data-end=\"864\" data-start=\"819\">Muelle La Bodeguita \u2013 Salida a las 8:00 a. m.<\/p>\n<p data-end=\"971\" data-start=\"866\">Recogida en hoteles ubicados en Bocagrande, El Laguito, Castillo Grande y Zona Norte desde las 7:00 a. m.<\/p>\n<p data-end=\"1013\" data-start=\"973\">Retorno estimado a Cartagena: 4:00 p. m.<\/p>\n<hr data-end=\"1018\" data-start=\"1015\" \/>\n<h3 data-end=\"1037\" data-start=\"1020\">\u00bfQu\u00e9 incluye?<\/h3>\n<ul data-end=\"1692\" data-start=\"1039\">\n<li data-end=\"1103\" data-start=\"1039\">\n<p data-end=\"1103\" data-start=\"1041\">Transporte en lancha r\u00e1pida (capacidad de 20 a 54 pasajeros)<\/p>\n<\/li>\n<li data-end=\"1121\" data-start=\"1104\">\n<p data-end=\"1121\" data-start=\"1106\">Gu\u00eda biling\u00fce<\/p>\n<\/li>\n<li data-end=\"1146\" data-start=\"1122\">\n<p data-end=\"1146\" data-start=\"1124\">Coctel de bienvenida<\/p>\n<\/li>\n<li data-end=\"1475\" data-start=\"1147\">\n<p data-end=\"1227\" data-start=\"1149\">Acceso a las instalaciones de Isla Lizamar (Isla Grande, sector Ca\u00f1o Rat\u00f3n):<\/p>\n<ul data-end=\"1475\" data-start=\"1230\">\n<li data-end=\"1267\" data-start=\"1230\">\n<p data-end=\"1267\" data-start=\"1232\">Piscina con cascada de agua dulce<\/p>\n<\/li>\n<li data-end=\"1292\" data-start=\"1270\">\n<p data-end=\"1292\" data-start=\"1272\">Piscina para ni\u00f1os<\/p>\n<\/li>\n<li data-end=\"1324\" data-start=\"1295\">\n<p data-end=\"1324\" data-start=\"1297\">Tobog\u00e1n con salida al mar<\/p>\n<\/li>\n<li data-end=\"1346\" data-start=\"1327\">\n<p data-end=\"1346\" data-start=\"1329\">Parque infantil<\/p>\n<\/li>\n<li data-end=\"1391\" data-start=\"1349\">\n<p data-end=\"1391\" data-start=\"1351\">Boh\u00edos de hamacas y sillas asoleadoras<\/p>\n<\/li>\n<li data-end=\"1475\" data-start=\"1394\">\n<p data-end=\"1475\" data-start=\"1396\">Juegos recreativos: mesas de buchacara, ping pong, dinamo, p\u00f3ker, entre otros<\/p>\n<\/li>\n<\/ul>\n<\/li>\n<li data-end=\"1526\" data-start=\"1476\">\n<p data-end=\"1526\" data-start=\"1478\">Recorrido panor\u00e1mico por las Islas del Rosario<\/p>\n<\/li>\n<li data-end=\"1641\" data-start=\"1527\">\n<p data-end=\"1641\" data-start=\"1529\">Almuerzo buffet t\u00edpico: pescado frito, arroz con coco, patacones, ensalada, frutas tropicales, refresco y caf\u00e9<\/p>\n<\/li>\n<li data-end=\"1692\" data-start=\"1642\">\n<p data-end=\"1692\" data-start=\"1644\">Tiempo libre para disfrutar de las instalaciones<\/p>\n<\/li>\n<\/ul>\n<hr data-end=\"1697\" data-start=\"1694\" \/>\n<h3 data-end=\"1714\" data-start=\"1699\">No incluye:<\/h3>\n<ul data-end=\"2008\" data-start=\"1716\">\n<li data-end=\"1759\" data-start=\"1716\">\n<p data-end=\"1759\" data-start=\"1718\">Tasa portuaria: $29.000 COP por persona<\/p>\n<\/li>\n<li data-end=\"1874\" data-start=\"1760\">\n<p data-end=\"1874\" data-start=\"1762\">Entrada al Oceanario de San Mart\u00edn de Pajarales (espect\u00e1culo de delfines y tiburones): $40.000 COP por persona<\/p>\n<\/li>\n<li data-end=\"1924\" data-start=\"1875\">\n<p data-end=\"1924\" data-start=\"1877\">Actividad de snorkel: $40.000 COP por persona<\/p>\n<\/li>\n<li data-end=\"1975\" data-start=\"1925\">\n<p data-end=\"1975\" data-start=\"1927\">Alquiler de camas de sol: $50.000 COP por cama<\/p>\n<\/li>\n<li data-end=\"2008\" data-start=\"1976\">\n<p data-end=\"2008\" data-start=\"1978\">Bebidas y consumos adicionales<\/p>\n<\/li>\n<\/ul>\n<hr data-end=\"2013\" data-start=\"2010\" \/>\n<h3 data-end=\"2035\" data-start=\"2015\">Recomendaciones:<\/h3>\n<p data-end=\"2268\" data-start=\"2037\">Llevar traje de ba\u00f1o, ropa c\u00f3moda, toalla, protector solar, gorra, gafas de sol y c\u00e1mara.<br data-end=\"2129\" data-start=\"2126\" \/>No est\u00e1 permitido el ingreso de alimentos, bebidas o equipos de sonido.<br data-end=\"2203\" data-start=\"2200\" \/>Las actividades acu\u00e1ticas est\u00e1n sujetas a condiciones clim\u00e1ticas.<\/p>\n<hr data-end=\"2273\" data-start=\"2270\" \/>\n<h3 data-end=\"2313\" data-start=\"2275\">Condiciones y pol\u00edtica de reserva:<\/h3>\n<p data-end=\"2578\" data-start=\"2315\">El tour est\u00e1 sujeto a condiciones clim\u00e1ticas y disposiciones mar\u00edtimas.<br data-end=\"2389\" data-start=\"2386\" \/>Reserva con anticipaci\u00f3n con el 50 % de anticipo.<br data-end=\"2441\" data-start=\"2438\" \/>Cancelaciones con 24 horas o m\u00e1s de antelaci\u00f3n: devoluci\u00f3n del 70 %.<br data-end=\"2512\" data-start=\"2509\" \/>Ni\u00f1os a partir de 3 a\u00f1os pagan tarifa completa.<br data-end=\"2562\" data-start=\"2559\" \/>Cupos limitados.<\/p>\n<hr data-end=\"2583\" data-start=\"2580\" \/>\n<p data-end=\"2733\" data-start=\"2585\"><strong data-end=\"2664\" data-start=\"2585\">Reserva ahora y vive la experiencia de Isla Lizamar\u00a0<\/strong><br data-end=\"2667\" data-start=\"2664\" \/>Un d\u00eda de descanso, sabor local y magia caribe\u00f1a en un solo lugar.<\/p>\n","protected":false},"featured_media":2787,"comment_status":"open","ping_status":"closed","template":"","meta":[],"product_brand":[],"product_cat":[47,46],"product_tag":[],"class_list":{"0":"post-2785","1":"product","2":"type-product","3":"status-publish","4":"has-post-thumbnail","6":"product_cat-isla","7":"product_cat-tours","9":"first","10":"instock","11":"shipping-taxable","12":"purchasable","13":"product-type-simple"},"_links":{"self":[{"href":"https:\/\/lodgingcartagena.com\/index.php\/wp-json\/wp\/v2\/product\/2785","targetHints":{"allow":["GET"]}}],"collection":[{"href":"https:\/\/lodgingcartagena.com\/index.php\/wp-json\/wp\/v2\/product"}],"about":[{"href":"https:\/\/lodgingcartagena.com\/index.php\/wp-json\/wp\/v2\/types\/product"}],"replies":[{"embeddable":true,"href":"https:\/\/lodgingcartagena.com\/index.php\/wp-json\/wp\/v2\/comments?post=2785"}],"wp:featuredmedia":[{"embeddable":true,"href":"https:\/\/lodgingcartagena.com\/index.php\/wp-json\/wp\/v2\/media\/2787"}],"wp:attachment":[{"href":"https:\/\/lodgingcartagena.com\/index.php\/wp-json\/wp\/v2\/media?parent=2785"}],"wp:term":[{"taxonomy":"product_brand","embeddable":true,"href":"https:\/\/lodgingcartagena.com\/index.php\/wp-json\/wp\/v2\/product_brand?post=2785"},{"taxonomy":"product_cat","embeddable":true,"href":"https:\/\/lodgingcartagena.com\/index.php\/wp-json\/wp\/v2\/product_cat?post=2785"},{"taxonomy":"product_tag","embeddable":true,"href":"https:\/\/lodgingcartagena.com\/index.php\/wp-json\/wp\/v2\/product_tag?post=2785"}],"curies":[{"name":"wp","href":"https:\/\/api.w.org\/{rel}","templated":true}]}}