{"id":2770,"date":"2025-08-27T19:36:59","date_gmt":"2025-08-28T00:36:59","guid":{"rendered":"https:\/\/lodgingcartagena.com\/?post_type=product&#038;p=2770"},"modified":"2025-08-27T19:36:59","modified_gmt":"2025-08-28T00:36:59","slug":"bora-bora-vip-islas-del-rosario-fiesta-sol-y-sabor-en-el-corazon-del-caribe-colombiano","status":"publish","type":"product","link":"https:\/\/lodgingcartagena.com\/index.php\/producto\/bora-bora-vip-islas-del-rosario-fiesta-sol-y-sabor-en-el-corazon-del-caribe-colombiano\/","title":{"rendered":"Bora Bora Vip &#8211; Islas del Rosario | Fiesta, sol y sabor en el coraz\u00f3n del Caribe colombiano."},"content":{"rendered":"","protected":false},"excerpt":{"rendered":"<p data-start=\"317\" data-end=\"635\">Vive una experiencia \u00fanica en Bora Bora, una de las playas m\u00e1s exclusivas y vibrantes del Parque Natural Islas del Rosario. Disfruta de un ambiente de fiesta frente al mar, con m\u00fasica, coctel de bienvenida, deliciosa gastronom\u00eda y zonas de descanso en una isla que combina diversi\u00f3n, comodidad y paisajes paradis\u00edacos.<\/p>\n<p data-start=\"637\" data-end=\"747\">Ideal para quienes buscan relajarse al sol mientras disfrutan de una rumba inolvidable en un entorno tropical.<\/p>\n<hr data-start=\"749\" data-end=\"752\" \/>\n<h3 data-start=\"754\" data-end=\"774\">Punto de salida:<\/h3>\n<ul data-start=\"776\" data-end=\"971\">\n<li data-start=\"776\" data-end=\"810\">\n<p data-start=\"778\" data-end=\"810\">Muelle La Bodeguita \u2013 Puerta 4<\/p>\n<\/li>\n<li data-start=\"811\" data-end=\"839\">\n<p data-start=\"813\" data-end=\"839\">Presentaci\u00f3n: 7:20 a. m.<\/p>\n<\/li>\n<li data-start=\"840\" data-end=\"885\">\n<p data-start=\"842\" data-end=\"885\">Zarpamos aproximadamente a las 8:00 a. m.<\/p>\n<\/li>\n<li data-start=\"886\" data-end=\"971\">\n<p data-start=\"888\" data-end=\"971\">Retorno desde la isla: 3:00 p. m. | Llegada a Cartagena: 4:00 p. m. aproximadamente<\/p>\n<\/li>\n<\/ul>\n<hr data-start=\"973\" data-end=\"976\" \/>\n<h3 data-start=\"978\" data-end=\"995\">\u00bfQu\u00e9 incluye?<\/h3>\n<ul data-start=\"997\" data-end=\"1268\">\n<li data-start=\"997\" data-end=\"1043\">\n<p data-start=\"999\" data-end=\"1043\">Transporte en lancha r\u00e1pida (ida y vuelta)<\/p>\n<\/li>\n<li data-start=\"1044\" data-end=\"1082\">\n<p data-start=\"1046\" data-end=\"1082\">Coctel de bienvenida (sin alcohol)<\/p>\n<\/li>\n<li data-start=\"1083\" data-end=\"1106\">\n<p data-start=\"1085\" data-end=\"1106\">Asoleadora asignada<\/p>\n<\/li>\n<li data-start=\"1107\" data-end=\"1268\">\n<p data-start=\"1109\" data-end=\"1129\">Almuerzo a elegir:<\/p>\n<ul data-start=\"1132\" data-end=\"1268\">\n<li data-start=\"1132\" data-end=\"1142\">\n<p data-start=\"1134\" data-end=\"1142\">Paella<\/p>\n<\/li>\n<li data-start=\"1145\" data-end=\"1168\">\n<p data-start=\"1147\" data-end=\"1168\">Pasta a la marinera<\/p>\n<\/li>\n<li data-start=\"1171\" data-end=\"1209\">\n<p data-start=\"1173\" data-end=\"1209\">Plato t\u00edpico cartagenero (pescado)<\/p>\n<\/li>\n<li data-start=\"1212\" data-end=\"1245\">\n<p data-start=\"1214\" data-end=\"1245\">Pechuga de pollo a la plancha<\/p>\n<\/li>\n<li data-start=\"1248\" data-end=\"1268\">\n<p data-start=\"1250\" data-end=\"1268\">Opci\u00f3n vegetariana<\/p>\n<\/li>\n<\/ul>\n<\/li>\n<\/ul>\n<hr data-start=\"1270\" data-end=\"1273\" \/>\n<h3 data-start=\"1275\" data-end=\"1290\">No incluye:<\/h3>\n<ul data-start=\"1292\" data-end=\"1468\">\n<li data-start=\"1292\" data-end=\"1367\">\n<p data-start=\"1294\" data-end=\"1367\">Tasa portuaria: $29.000 COP por persona (pago en efectivo en el muelle)<\/p>\n<\/li>\n<li data-start=\"1368\" data-end=\"1410\">\n<p data-start=\"1370\" data-end=\"1410\">Servicios adicionales no especificados<\/p>\n<\/li>\n<li data-start=\"1411\" data-end=\"1468\">\n<p data-start=\"1413\" data-end=\"1468\">Actividades acu\u00e1ticas (no incluye oceanario ni snorkel)<\/p>\n<\/li>\n<\/ul>\n<hr data-start=\"1470\" data-end=\"1473\" \/>\n<h3 data-start=\"1475\" data-end=\"1504\">Condiciones del servicio:<\/h3>\n<ul data-start=\"1506\" data-end=\"1884\">\n<li data-start=\"1506\" data-end=\"1572\">\n<p data-start=\"1508\" data-end=\"1572\">El servicio est\u00e1 disponible todos los d\u00edas, con reserva previa<\/p>\n<\/li>\n<li data-start=\"1573\" data-end=\"1621\">\n<p data-start=\"1575\" data-end=\"1621\">Se garantiza la reserva hasta las 8:20 a. m.<\/p>\n<\/li>\n<li data-start=\"1622\" data-end=\"1649\">\n<p data-start=\"1624\" data-end=\"1649\">No se permiten mascotas<\/p>\n<\/li>\n<li data-start=\"1650\" data-end=\"1695\">\n<p data-start=\"1652\" data-end=\"1695\">No se aceptan pagos el mismo d\u00eda del tour<\/p>\n<\/li>\n<li data-start=\"1696\" data-end=\"1790\">\n<p data-start=\"1698\" data-end=\"1790\">Reservas de grupos (m\u00e1s de 4 personas) deben ser pagadas en su totalidad para confirmaci\u00f3n<\/p>\n<\/li>\n<li data-start=\"1791\" data-end=\"1884\">\n<p data-start=\"1793\" data-end=\"1884\">No se permiten publicaciones ni promociones en plataformas externas sin autorizaci\u00f3n previa<\/p>\n<\/li>\n<\/ul>\n<hr data-start=\"1886\" data-end=\"1889\" \/>\n<h3 data-start=\"1891\" data-end=\"1911\">Recomendaciones:<\/h3>\n<p data-start=\"1913\" data-end=\"2116\">Presentarse puntualmente a las 7:20 a. m. en la Puerta 4 del Muelle La Bodeguita<br data-start=\"1993\" data-end=\"1996\" \/>Llevar ropa c\u00f3moda, traje de ba\u00f1o, bloqueador solar, toalla, efectivo para la tasa portuaria y muchas ganas de disfrutar<\/p>\n<hr data-start=\"2118\" data-end=\"2121\" \/>\n<h3 data-start=\"2123\" data-end=\"2189\">Reserva tu d\u00eda de rumba en Bora Bora con Live Vacations Tour<\/h3>\n","protected":false},"featured_media":2771,"comment_status":"open","ping_status":"closed","template":"","meta":[],"product_brand":[],"product_cat":[47,46],"product_tag":[],"class_list":{"0":"post-2770","1":"product","2":"type-product","3":"status-publish","4":"has-post-thumbnail","6":"product_cat-isla","7":"product_cat-tours","9":"first","10":"instock","11":"shipping-taxable","12":"purchasable","13":"product-type-simple"},"_links":{"self":[{"href":"https:\/\/lodgingcartagena.com\/index.php\/wp-json\/wp\/v2\/product\/2770","targetHints":{"allow":["GET"]}}],"collection":[{"href":"https:\/\/lodgingcartagena.com\/index.php\/wp-json\/wp\/v2\/product"}],"about":[{"href":"https:\/\/lodgingcartagena.com\/index.php\/wp-json\/wp\/v2\/types\/product"}],"replies":[{"embeddable":true,"href":"https:\/\/lodgingcartagena.com\/index.php\/wp-json\/wp\/v2\/comments?post=2770"}],"wp:featuredmedia":[{"embeddable":true,"href":"https:\/\/lodgingcartagena.com\/index.php\/wp-json\/wp\/v2\/media\/2771"}],"wp:attachment":[{"href":"https:\/\/lodgingcartagena.com\/index.php\/wp-json\/wp\/v2\/media?parent=2770"}],"wp:term":[{"taxonomy":"product_brand","embeddable":true,"href":"https:\/\/lodgingcartagena.com\/index.php\/wp-json\/wp\/v2\/product_brand?post=2770"},{"taxonomy":"product_cat","embeddable":true,"href":"https:\/\/lodgingcartagena.com\/index.php\/wp-json\/wp\/v2\/product_cat?post=2770"},{"taxonomy":"product_tag","embeddable":true,"href":"https:\/\/lodgingcartagena.com\/index.php\/wp-json\/wp\/v2\/product_tag?post=2770"}],"curies":[{"name":"wp","href":"https:\/\/api.w.org\/{rel}","templated":true}]}}