{"id":2740,"date":"2025-08-27T18:29:33","date_gmt":"2025-08-27T23:29:33","guid":{"rendered":"https:\/\/lodgingcartagena.com\/?post_type=product&#038;p=2740"},"modified":"2025-08-27T19:01:11","modified_gmt":"2025-08-28T00:01:11","slug":"cartagena","status":"publish","type":"product","link":"https:\/\/lodgingcartagena.com\/index.php\/producto\/cartagena\/","title":{"rendered":"Fenix Beach &#8211; Isla de Tierra Bomba |Rel\u00e1jate, disfruta y descon\u00e9ctate a solo 15 minutos de Cartagena"},"content":{"rendered":"","protected":false},"excerpt":{"rendered":"<p data-end=\"607\" data-start=\"279\">Vive un d\u00eda lleno de sol, mar y buenSol, playa y relajaci\u00f3n a solo 15 minutos de Cartagenaa energ\u00eda en\u00a0<strong data-end=\"343\" data-start=\"328\">Fenix Beach<\/strong>, una exclusiva playa ubicada en la paradis\u00edaca <strong data-end=\"415\" data-start=\"391\">Isla de Tierra Bomba<\/strong>.<br data-end=\"419\" data-start=\"416\" \/>Con arena blanca, aguas cristalinas y un ambiente natural inigualable, es el lugar ideal para parejas, familias y grupos de amigos que buscan <strong data-end=\"606\" data-start=\"561\">descanso y diversi\u00f3n frente al mar Caribe<\/strong>.<\/p>\n<hr data-end=\"612\" data-start=\"609\" \/>\n<p data-end=\"628\" data-start=\"614\"><strong data-end=\"628\" data-start=\"616\">Incluye:<\/strong><\/p>\n<p data-end=\"673\" data-start=\"630\"><strong data-end=\"671\" data-start=\"633\">Transporte en lancha ida y regreso<\/strong><\/p>\n<ul data-end=\"804\" data-start=\"674\">\n<li data-end=\"762\" data-start=\"674\">\n<p data-end=\"762\" data-start=\"676\">Salida desde el <strong data-end=\"718\" data-start=\"692\">Muelle de la Bodeguita<\/strong> (Puerta 1, Centro Hist\u00f3rico de Cartagena)<\/p>\n<\/li>\n<li data-end=\"804\" data-start=\"763\">\n<p data-end=\"804\" data-start=\"765\">Duraci\u00f3n del trayecto: <strong data-end=\"802\" data-start=\"788\">15 minutos<\/strong><\/p>\n<\/li>\n<\/ul>\n<blockquote data-end=\"861\" data-start=\"805\">\n<p data-end=\"861\" data-start=\"807\"><em data-end=\"861\" data-start=\"807\">(No incluye impuesto de muelle: $12.000 por persona)<\/em><\/p>\n<\/blockquote>\n<p data-end=\"885\" data-start=\"863\"><strong data-end=\"883\" data-start=\"866\">Welcome Drink<\/strong><\/p>\n<ul data-end=\"920\" data-start=\"886\">\n<li data-end=\"920\" data-start=\"886\">\n<p data-end=\"920\" data-start=\"888\">Jugo natural (con o sin alcohol)<\/p>\n<\/li>\n<\/ul>\n<p data-end=\"967\" data-start=\"922\"><strong data-end=\"952\" data-start=\"926\">Almuerzo t\u00edpico isle\u00f1o<\/strong><br data-end=\"955\" data-start=\"952\" \/>Elige entre:<\/p>\n<ul data-end=\"1245\" data-start=\"968\">\n<li data-end=\"1001\" data-start=\"968\">\n<p data-end=\"1001\" data-start=\"970\">Pescado t\u00edpico isle\u00f1o o pollo<\/p>\n<\/li>\n<li data-end=\"1041\" data-start=\"1002\">\n<p data-end=\"1041\" data-start=\"1004\">Paella de la huerta (opci\u00f3n vegana)<\/p>\n<\/li>\n<li data-end=\"1065\" data-start=\"1042\">\n<p data-end=\"1065\" data-start=\"1044\">Sancocho de pescado<\/p>\n<\/li>\n<li data-end=\"1083\" data-start=\"1066\">\n<p data-end=\"1083\" data-start=\"1068\">Paella de mar<\/p>\n<\/li>\n<li data-end=\"1106\" data-start=\"1084\">\n<p data-end=\"1106\" data-start=\"1086\">Paella vegetariana<\/p>\n<\/li>\n<li data-end=\"1245\" data-start=\"1107\">\n<p data-end=\"1150\" data-start=\"1109\"><em data-end=\"1148\" data-start=\"1109\">Platos premium (con costo adicional):<\/em><\/p>\n<ul data-end=\"1245\" data-start=\"1153\">\n<li data-end=\"1187\" data-start=\"1153\">\n<p data-end=\"1187\" data-start=\"1155\">Cazuela de mariscos (+$15.000)<\/p>\n<\/li>\n<li data-end=\"1217\" data-start=\"1190\">\n<p data-end=\"1217\" data-start=\"1192\">R\u00f3balo frito (+$20.000)<\/p>\n<\/li>\n<li data-end=\"1245\" data-start=\"1220\">\n<p data-end=\"1245\" data-start=\"1222\">Pargo rojo (+$35.000)<\/p>\n<\/li>\n<\/ul>\n<\/li>\n<\/ul>\n<p data-end=\"1292\" data-start=\"1247\">Incluye bebida no alcoh\u00f3lica + postre del d\u00eda<\/p>\n<p data-end=\"1336\" data-start=\"1294\"><strong data-end=\"1334\" data-start=\"1297\">Uso completo de las instalaciones<\/strong><\/p>\n<ul data-end=\"1462\" data-start=\"1337\">\n<li data-end=\"1374\" data-start=\"1337\">\n<p data-end=\"1374\" data-start=\"1339\">Sombras de playa, camas o esteras<\/p>\n<\/li>\n<li data-end=\"1386\" data-start=\"1375\">\n<p data-end=\"1386\" data-start=\"1377\">Piscina<\/p>\n<\/li>\n<li data-end=\"1416\" data-start=\"1387\">\n<p data-end=\"1416\" data-start=\"1389\">Acceso al bar restaurante<\/p>\n<\/li>\n<li data-end=\"1442\" data-start=\"1417\">\n<p data-end=\"1442\" data-start=\"1419\">Cancha de v\u00f3ley playa<\/p>\n<\/li>\n<li data-end=\"1462\" data-start=\"1443\">\n<p data-end=\"1462\" data-start=\"1445\">Toalla incluida<\/p>\n<\/li>\n<\/ul>\n<blockquote data-end=\"1528\" data-start=\"1463\">\n<p data-end=\"1528\" data-start=\"1465\"><em data-end=\"1528\" data-start=\"1465\">El espacio se asigna seg\u00fan el n\u00famero de personas por reserva.<\/em><\/p>\n<\/blockquote>\n<p data-end=\"1571\" data-start=\"1530\">\u00a0Aceptamos tarjetas y pagos en efectivo<\/p>\n<hr data-end=\"1576\" data-start=\"1573\" \/>\n<p data-end=\"1622\" data-start=\"1578\"><strong data-end=\"1619\" data-start=\"1581\">Horarios de salida desde Cartagena<\/strong>:<\/p>\n<ul data-end=\"1680\" data-start=\"1623\">\n<li data-end=\"1636\" data-start=\"1623\">\n<p data-end=\"1636\" data-start=\"1625\">9:30 a.m.<\/p>\n<\/li>\n<li data-end=\"1651\" data-start=\"1637\">\n<p data-end=\"1651\" data-start=\"1639\">10:30 a.m.<\/p>\n<\/li>\n<li data-end=\"1666\" data-start=\"1652\">\n<p data-end=\"1666\" data-start=\"1654\">11:30 a.m.<\/p>\n<\/li>\n<li data-end=\"1680\" data-start=\"1667\">\n<p data-end=\"1680\" data-start=\"1669\">1:30 p.m.<\/p>\n<\/li>\n<\/ul>\n<p data-end=\"1717\" data-start=\"1682\"><strong data-end=\"1714\" data-start=\"1685\">Regreso desde Fenix Beach<\/strong>:<\/p>\n<ul data-end=\"1743\" data-start=\"1718\">\n<li data-end=\"1731\" data-start=\"1718\">\n<p data-end=\"1731\" data-start=\"1720\">5:30 p.m.<\/p>\n<\/li>\n<li data-end=\"1743\" data-start=\"1732\">\n<p data-end=\"1743\" data-start=\"1734\">6:00 p.m.<\/p>\n<\/li>\n<\/ul>\n<hr data-end=\"1748\" data-start=\"1745\" \/>\n<p data-end=\"1935\" data-start=\"1750\"><strong data-end=\"1817\" data-start=\"1753\">Reserva con anticipaci\u00f3n y asegura tu espacio en Fenix Beach<\/strong><br data-end=\"1820\" data-start=\"1817\" \/>\u00a1Esc\u00e1pate a un para\u00edso tropical sin salir de Cartagena!<br data-end=\"1878\" data-start=\"1875\" \/>\u00a0Cont\u00e1ctanos por WhatsApp o reserva online ahora mismo<\/p>\n","protected":false},"featured_media":2741,"comment_status":"open","ping_status":"closed","template":"","meta":[],"product_brand":[],"product_cat":[46,47],"product_tag":[],"class_list":{"0":"post-2740","1":"product","2":"type-product","3":"status-publish","4":"has-post-thumbnail","6":"product_cat-tours","7":"product_cat-isla","9":"first","10":"instock","11":"shipping-taxable","12":"purchasable","13":"product-type-simple"},"_links":{"self":[{"href":"https:\/\/lodgingcartagena.com\/index.php\/wp-json\/wp\/v2\/product\/2740","targetHints":{"allow":["GET"]}}],"collection":[{"href":"https:\/\/lodgingcartagena.com\/index.php\/wp-json\/wp\/v2\/product"}],"about":[{"href":"https:\/\/lodgingcartagena.com\/index.php\/wp-json\/wp\/v2\/types\/product"}],"replies":[{"embeddable":true,"href":"https:\/\/lodgingcartagena.com\/index.php\/wp-json\/wp\/v2\/comments?post=2740"}],"wp:featuredmedia":[{"embeddable":true,"href":"https:\/\/lodgingcartagena.com\/index.php\/wp-json\/wp\/v2\/media\/2741"}],"wp:attachment":[{"href":"https:\/\/lodgingcartagena.com\/index.php\/wp-json\/wp\/v2\/media?parent=2740"}],"wp:term":[{"taxonomy":"product_brand","embeddable":true,"href":"https:\/\/lodgingcartagena.com\/index.php\/wp-json\/wp\/v2\/product_brand?post=2740"},{"taxonomy":"product_cat","embeddable":true,"href":"https:\/\/lodgingcartagena.com\/index.php\/wp-json\/wp\/v2\/product_cat?post=2740"},{"taxonomy":"product_tag","embeddable":true,"href":"https:\/\/lodgingcartagena.com\/index.php\/wp-json\/wp\/v2\/product_tag?post=2740"}],"curies":[{"name":"wp","href":"https:\/\/api.w.org\/{rel}","templated":true}]}}