{"id":15,"date":"2023-04-24T04:45:01","date_gmt":"2023-04-24T04:45:01","guid":{"rendered":"https:\/\/cozystay.loftocean.com\/mountain-hotel\/?page_id=15"},"modified":"2025-08-26T22:57:20","modified_gmt":"2025-08-27T03:57:20","slug":"contact","status":"publish","type":"page","link":"https:\/\/lodgingcartagena.com\/index.php\/contact\/","title":{"rendered":"Contacto"},"content":{"rendered":"\t\t<div data-elementor-type=\"wp-page\" data-elementor-id=\"15\" class=\"elementor elementor-15\" data-elementor-post-type=\"page\">\n\t\t\t\t\t\t<section class=\"elementor-section elementor-top-section elementor-element elementor-element-329c4e5e elementor-section-height-min-height cs-section-content-fullwidth cs-parallax-on-scroll cs_scroll_y_80 elementor-section-boxed elementor-section-height-default elementor-section-items-middle\" data-id=\"329c4e5e\" data-element_type=\"section\" data-e-type=\"section\" data-settings=\"{&quot;background_background&quot;:&quot;classic&quot;}\" data-cs-parallax-y=\"80\" style=\"background-image: none;\" data-cs-background-image=\"https:\/\/lodgingcartagena.com\/wp-content\/uploads\/2025\/08\/bora-bora-clulb1.png\">\n\t\t\t\t\t\t\t<div class=\"elementor-background-overlay\"><\/div>\n\t\t\t\t\t\t\t<div class=\"elementor-container elementor-column-gap-no\">\n\t\t\t\t\t<div class=\"elementor-column elementor-col-100 elementor-top-column elementor-element elementor-element-3eabde34 dark-color\" data-id=\"3eabde34\" data-element_type=\"column\" data-e-type=\"column\">\n\t\t\t<div class=\"elementor-widget-wrap elementor-element-populated\">\n\t\t\t\t\t\t<div class=\"elementor-element elementor-element-4fa70e2b elementor-widget elementor-widget-cs_title\" data-id=\"4fa70e2b\" data-element_type=\"widget\" data-e-type=\"widget\" data-widget_type=\"cs_title.default\">\n\t\t\t\t<div class=\"elementor-widget-container\">\n\t\t\t\t\t\n        <div class=\"cs-title-wrap text-center\">\t            <h1 class=\"cs-title\">\n\t                Contacto\t            <\/h1>\t            <div class=\"cs-title-text\">\n\t                <p>Escr\u00edbenos y cu\u00e9ntanos tus dudas o inquietudes.<\/p>\t            <\/div>        <\/div>\t\t\t\t<\/div>\n\t\t\t\t<\/div>\n\t\t\t\t\t<\/div>\n\t\t<\/div>\n\t\t\t\t\t<\/div>\n\t\t<\/section>\n\t\t\t\t<section class=\"elementor-section elementor-top-section elementor-element elementor-element-0463922 elementor-section-boxed elementor-section-height-default elementor-section-height-default\" data-id=\"0463922\" data-element_type=\"section\" data-e-type=\"section\">\n\t\t\t\t\t\t<div class=\"elementor-container elementor-column-gap-no\">\n\t\t\t\t\t<div class=\"elementor-column elementor-col-50 elementor-top-column elementor-element elementor-element-e7175ca\" data-id=\"e7175ca\" data-element_type=\"column\" data-e-type=\"column\" data-settings=\"{&quot;background_background&quot;:&quot;classic&quot;}\">\n\t\t\t<div class=\"elementor-widget-wrap elementor-element-populated\">\n\t\t\t\t\t\t<div class=\"elementor-element elementor-element-7cdf32f elementor-widget elementor-widget-spacer\" data-id=\"7cdf32f\" data-element_type=\"widget\" data-e-type=\"widget\" data-widget_type=\"spacer.default\">\n\t\t\t\t\t\t\t<div class=\"elementor-spacer\">\n\t\t\t<div class=\"elementor-spacer-inner\"><\/div>\n\t\t<\/div>\n\t\t\t\t\t\t<\/div>\n\t\t\t\t\t<\/div>\n\t\t<\/div>\n\t\t\t\t<div class=\"elementor-column elementor-col-50 elementor-top-column elementor-element elementor-element-beda68f\" data-id=\"beda68f\" data-element_type=\"column\" data-e-type=\"column\">\n\t\t\t<div class=\"elementor-widget-wrap elementor-element-populated\">\n\t\t\t\t\t\t<div class=\"elementor-element elementor-element-6137991 elementor-widget elementor-widget-cs_title\" data-id=\"6137991\" data-element_type=\"widget\" data-e-type=\"widget\" data-widget_type=\"cs_title.default\">\n\t\t\t\t<div class=\"elementor-widget-container\">\n\t\t\t\t\t\n        <div class=\"cs-title-wrap text-center\">\t            <div class=\"cs-subtitle-wrap\"><span class=\"cs-subtitle\">Cont\u00e1ctenos para obtener m\u00e1s detalles<\/span><\/div>\t            <h3 class=\"cs-title\">\n\t                Empecemos una conversaci\u00f3n\t            <\/h3>\t            <div class=\"cs-title-text\">\n\t                <p>D\u00e9janos tus inquietudes o solicitudes en el siguiente formulario:<\/p>\t            <\/div>        <\/div>\t\t\t\t<\/div>\n\t\t\t\t<\/div>\n\t\t\t\t<div class=\"elementor-element elementor-element-02c5b84 elementor-widget__width-initial elementor-widget elementor-widget-cs_form_cf7\" data-id=\"02c5b84\" data-element_type=\"widget\" data-e-type=\"widget\" data-widget_type=\"cs_form_cf7.default\">\n\t\t\t\t<div class=\"elementor-widget-container\">\n\t\t\t\t\t            <div class=\"cs-form-cf7 placeholder-normal\">\n                <div class=\"cs-form-cf7-wrap\">\n<div class=\"wpcf7 no-js\" id=\"wpcf7-f5-o1\" lang=\"es-CO\" dir=\"ltr\" data-wpcf7-id=\"5\">\n<div class=\"screen-reader-response\"><p role=\"status\" aria-live=\"polite\" aria-atomic=\"true\"><\/p> <ul><\/ul><\/div>\n<form action=\"\/index.php\/wp-json\/wp\/v2\/pages\/15#wpcf7-f5-o1\" method=\"post\" class=\"wpcf7-form init\" aria-label=\"Formulario de contacto\" novalidate=\"novalidate\" data-status=\"init\">\n<fieldset class=\"hidden-fields-container\"><input type=\"hidden\" name=\"_wpcf7\" value=\"5\" \/><input type=\"hidden\" name=\"_wpcf7_version\" value=\"6.1.1\" \/><input type=\"hidden\" name=\"_wpcf7_locale\" value=\"es_CO\" \/><input type=\"hidden\" name=\"_wpcf7_unit_tag\" value=\"wpcf7-f5-o1\" \/><input type=\"hidden\" name=\"_wpcf7_container_post\" value=\"0\" \/><input type=\"hidden\" name=\"_wpcf7_posted_data_hash\" value=\"\" \/>\n<\/fieldset>\n<p><label> Tu nombre<br \/>\n<span class=\"wpcf7-form-control-wrap\" data-name=\"your-name\"><input size=\"40\" maxlength=\"400\" class=\"wpcf7-form-control wpcf7-text wpcf7-validates-as-required\" autocomplete=\"name\" aria-required=\"true\" aria-invalid=\"false\" value=\"\" type=\"text\" name=\"your-name\" \/><\/span> <\/label>\n<\/p>\n<p><label> Tu correo electr\u00f3nico<br \/>\n<span class=\"wpcf7-form-control-wrap\" data-name=\"your-email\"><input size=\"40\" maxlength=\"400\" class=\"wpcf7-form-control wpcf7-email wpcf7-validates-as-required wpcf7-text wpcf7-validates-as-email\" autocomplete=\"email\" aria-required=\"true\" aria-invalid=\"false\" value=\"\" type=\"email\" name=\"your-email\" \/><\/span> <\/label>\n<\/p>\n<p><label> Asunto<br \/>\n<span class=\"wpcf7-form-control-wrap\" data-name=\"your-subject\"><input size=\"40\" maxlength=\"400\" class=\"wpcf7-form-control wpcf7-text wpcf7-validates-as-required\" aria-required=\"true\" aria-invalid=\"false\" value=\"\" type=\"text\" name=\"your-subject\" \/><\/span> <\/label>\n<\/p>\n<p><label> Tu mensaje (opcional)<br \/>\n<span class=\"wpcf7-form-control-wrap\" data-name=\"your-message\"><textarea cols=\"40\" rows=\"10\" maxlength=\"2000\" class=\"wpcf7-form-control wpcf7-textarea\" aria-invalid=\"false\" name=\"your-message\"><\/textarea><\/span> <\/label>\n<\/p>\n<p><input class=\"wpcf7-form-control wpcf7-submit has-spinner\" type=\"submit\" value=\"Enviar\" \/>\n<\/p><div class=\"wpcf7-response-output\" aria-hidden=\"true\"><\/div>\n<\/form>\n<\/div>\n<\/div>\n            <\/div>\t\t\t\t<\/div>\n\t\t\t\t<\/div>\n\t\t\t\t\t<\/div>\n\t\t<\/div>\n\t\t\t\t\t<\/div>\n\t\t<\/section>\n\t\t\t\t<section class=\"elementor-section elementor-top-section elementor-element elementor-element-4201785 elementor-section-boxed elementor-section-height-default elementor-section-height-default\" data-id=\"4201785\" data-element_type=\"section\" data-e-type=\"section\">\n\t\t\t\t\t\t<div class=\"elementor-container elementor-column-gap-no\">\n\t\t\t\t\t<div class=\"elementor-column elementor-col-50 elementor-top-column elementor-element elementor-element-68c3b35\" data-id=\"68c3b35\" data-element_type=\"column\" data-e-type=\"column\" data-settings=\"{&quot;background_background&quot;:&quot;classic&quot;}\">\n\t\t\t<div class=\"elementor-widget-wrap elementor-element-populated\">\n\t\t\t\t\t\t<div class=\"elementor-element elementor-element-2406cf0 elementor-widget elementor-widget-cs_title\" data-id=\"2406cf0\" data-element_type=\"widget\" data-e-type=\"widget\" data-widget_type=\"cs_title.default\">\n\t\t\t\t<div class=\"elementor-widget-container\">\n\t\t\t\t\t\n        <div class=\"cs-title-wrap text-center\">\t            <div class=\"cs-subtitle-wrap\"><span class=\"cs-subtitle\">Detalles de la reserva<\/span><\/div>\t            <h3 class=\"cs-title\">\n\t                Reservas Directas\t            <\/h3>\t            <div class=\"cs-title-text\">\n\t                <p><span class=\"list-content\">Direcci\u00f3n: carrera 1 # 8-50 apto 3104, Boca grande \u2013 cartagena<\/span><\/p><p><span class=\"list-content\">T\u00e9lefono: <a href=\"http:\/\/+57 318 1353535\" data-wplink-url-error=\"true\">+57 318 1353535<\/a><\/span><\/p><p><span class=\"list-content\">E-mail: <a href=\"mailto:gerencia@lodgingcartagena.com\">gerencia@lodgingcartagena.com<\/a><\/span><\/p>\t            <\/div>                <div class=\"cs-title-btn\">\n                    <a class=\"button elementor-button-link cs-btn-underline\" role=\"button\" href=\"https:\/\/maps.app.goo.gl\/qkU7628LmZsfecwa9\">\n                        <span class=\"cs-btn-text\">Obtener direcci\u00f3n<\/span>                    <\/a>\n                <\/div>\n                    <\/div>\t\t\t\t<\/div>\n\t\t\t\t<\/div>\n\t\t\t\t<div class=\"elementor-element elementor-element-bb9ebb2 elementor-widget elementor-widget-spacer\" data-id=\"bb9ebb2\" data-element_type=\"widget\" data-e-type=\"widget\" data-widget_type=\"spacer.default\">\n\t\t\t\t\t\t\t<div class=\"elementor-spacer\">\n\t\t\t<div class=\"elementor-spacer-inner\"><\/div>\n\t\t<\/div>\n\t\t\t\t\t\t<\/div>\n\t\t\t\t\t<\/div>\n\t\t<\/div>\n\t\t\t\t<div class=\"elementor-column elementor-col-50 elementor-top-column elementor-element elementor-element-1c996b9\" data-id=\"1c996b9\" data-element_type=\"column\" data-e-type=\"column\">\n\t\t\t<div class=\"elementor-widget-wrap elementor-element-populated\">\n\t\t\t\t\t\t<div class=\"elementor-element elementor-element-70584be elementor-widget elementor-widget-google_maps\" data-id=\"70584be\" data-element_type=\"widget\" data-e-type=\"widget\" data-widget_type=\"google_maps.default\">\n\t\t\t\t\t\t\t<div class=\"elementor-custom-embed\">\n\t\t\t<iframe loading=\"lazy\"\n\t\t\t\t\tsrc=\"https:\/\/maps.google.com\/maps?q=10.404812453197575%2C%20-75.555207830687&#038;t=m&#038;z=10&#038;output=embed&#038;iwloc=near\"\n\t\t\t\t\ttitle=\"10.404812453197575, -75.555207830687\"\n\t\t\t\t\taria-label=\"10.404812453197575, -75.555207830687\"\n\t\t\t><\/iframe>\n\t\t<\/div>\n\t\t\t\t\t\t<\/div>\n\t\t\t\t\t<\/div>\n\t\t<\/div>\n\t\t\t\t\t<\/div>\n\t\t<\/section>\n\t\t\t\t<section class=\"elementor-section elementor-top-section elementor-element elementor-element-a7eebcb elementor-section-boxed elementor-section-height-default elementor-section-height-default\" data-id=\"a7eebcb\" data-element_type=\"section\" data-e-type=\"section\">\n\t\t\t\t\t\t<div class=\"elementor-container elementor-column-gap-no\">\n\t\t\t\t\t<div class=\"elementor-column elementor-col-100 elementor-top-column elementor-element elementor-element-f9edbb7\" data-id=\"f9edbb7\" data-element_type=\"column\" data-e-type=\"column\">\n\t\t\t<div class=\"elementor-widget-wrap elementor-element-populated\">\n\t\t\t\t\t\t<div class=\"elementor-element elementor-element-5c7de78 cs-animation-small-offset animated-fast elementor-invisible elementor-widget elementor-widget-cs_gallery\" data-id=\"5c7de78\" data-element_type=\"widget\" data-e-type=\"widget\" data-settings=\"{&quot;_animation&quot;:&quot;fadeInUp&quot;}\" data-widget_type=\"cs_gallery.default\">\n\t\t\t\t<div class=\"elementor-widget-container\">\n\t\t\t\t\t\n            <div class=\"cs-gallery gap-5 gallery-carousel style-overflow\" data-column=\"3\" data-fade=\"\" data-autoplay=\"off\" data-autoplay-speed=\"5000\" data-show-arrows=\"on\" data-show-dots=\"on\" data-variable-width=\"off\" data-overflow-style=\"on\" data-center-mode=\"\">\n                <div class=\"cs-gallery-wrap\">                    <div class=\"cs-gallery-item\"><img fetchpriority=\"high\" decoding=\"async\" width=\"550\" height=\"826\" src=\"https:\/\/lodgingcartagena.com\/wp-content\/uploads\/2025\/02\/yate2-550x826.png\" class=\"attachment-cozystay_550x9999 size-cozystay_550x9999 wp-image-2611\" alt=\"\" srcset=\"https:\/\/lodgingcartagena.com\/wp-content\/uploads\/2025\/02\/yate2-550x826.png 550w, https:\/\/lodgingcartagena.com\/wp-content\/uploads\/2025\/02\/yate2-100x150.png 100w, https:\/\/lodgingcartagena.com\/wp-content\/uploads\/2025\/02\/yate2-600x901.png 600w, https:\/\/lodgingcartagena.com\/wp-content\/uploads\/2025\/02\/yate2-200x300.png 200w, https:\/\/lodgingcartagena.com\/wp-content\/uploads\/2025\/02\/yate2-370x556.png 370w, https:\/\/lodgingcartagena.com\/wp-content\/uploads\/2025\/02\/yate2-255x383.png 255w, https:\/\/lodgingcartagena.com\/wp-content\/uploads\/2025\/02\/yate2.png 680w\" sizes=\"(max-width: 550px) 100vw, 550px\" \/>                    <\/div>                    <div class=\"cs-gallery-item\"><img decoding=\"async\" width=\"550\" height=\"826\" src=\"https:\/\/lodgingcartagena.com\/wp-content\/uploads\/2025\/02\/baru-isla-550x826.png\" class=\"attachment-cozystay_550x9999 size-cozystay_550x9999 wp-image-2615\" alt=\"\" srcset=\"https:\/\/lodgingcartagena.com\/wp-content\/uploads\/2025\/02\/baru-isla-550x826.png 550w, https:\/\/lodgingcartagena.com\/wp-content\/uploads\/2025\/02\/baru-isla-100x150.png 100w, https:\/\/lodgingcartagena.com\/wp-content\/uploads\/2025\/02\/baru-isla-600x901.png 600w, https:\/\/lodgingcartagena.com\/wp-content\/uploads\/2025\/02\/baru-isla-200x300.png 200w, https:\/\/lodgingcartagena.com\/wp-content\/uploads\/2025\/02\/baru-isla-370x556.png 370w, https:\/\/lodgingcartagena.com\/wp-content\/uploads\/2025\/02\/baru-isla-255x383.png 255w, https:\/\/lodgingcartagena.com\/wp-content\/uploads\/2025\/02\/baru-isla.png 680w\" sizes=\"(max-width: 550px) 100vw, 550px\" \/>                    <\/div>                    <div class=\"cs-gallery-item\"><img decoding=\"async\" width=\"550\" height=\"826\" src=\"https:\/\/lodgingcartagena.com\/wp-content\/uploads\/2025\/02\/boraboa-550x826.png\" class=\"attachment-cozystay_550x9999 size-cozystay_550x9999 wp-image-2616\" alt=\"\" srcset=\"https:\/\/lodgingcartagena.com\/wp-content\/uploads\/2025\/02\/boraboa-550x826.png 550w, https:\/\/lodgingcartagena.com\/wp-content\/uploads\/2025\/02\/boraboa-100x150.png 100w, https:\/\/lodgingcartagena.com\/wp-content\/uploads\/2025\/02\/boraboa-600x901.png 600w, https:\/\/lodgingcartagena.com\/wp-content\/uploads\/2025\/02\/boraboa-200x300.png 200w, https:\/\/lodgingcartagena.com\/wp-content\/uploads\/2025\/02\/boraboa-370x556.png 370w, https:\/\/lodgingcartagena.com\/wp-content\/uploads\/2025\/02\/boraboa-255x383.png 255w, https:\/\/lodgingcartagena.com\/wp-content\/uploads\/2025\/02\/boraboa.png 680w\" sizes=\"(max-width: 550px) 100vw, 550px\" \/>                    <\/div>                <\/div>\n            <\/div>\t\t\t\t<\/div>\n\t\t\t\t<\/div>\n\t\t\t\t\t<\/div>\n\t\t<\/div>\n\t\t\t\t\t<\/div>\n\t\t<\/section>\n\t\t\t\t<section class=\"elementor-section elementor-top-section elementor-element elementor-element-aa6e54c cs-section-content-fullwidth elementor-section-boxed elementor-section-height-default elementor-section-height-default\" data-id=\"aa6e54c\" data-element_type=\"section\" data-e-type=\"section\" data-settings=\"{&quot;background_background&quot;:&quot;classic&quot;}\">\n\t\t\t\t\t\t<div class=\"elementor-container elementor-column-gap-no\">\n\t\t\t\t\t<div class=\"elementor-column elementor-col-100 elementor-top-column elementor-element elementor-element-37b6bde dark-color\" data-id=\"37b6bde\" data-element_type=\"column\" data-e-type=\"column\">\n\t\t\t<div class=\"elementor-widget-wrap\">\n\t\t\t\t\t\t\t<\/div>\n\t\t<\/div>\n\t\t\t\t\t<\/div>\n\t\t<\/section>\n\t\t\t\t<\/div>\n\t\t","protected":false},"excerpt":{"rendered":"<p>Contacto Escr\u00edbenos y cu\u00e9ntanos tus dudas o inquietudes. Cont\u00e1ctenos para obtener m\u00e1s detalles Empecemos una conversaci\u00f3n D\u00e9janos tus inquietudes o solicitudes en el siguiente formulario: Tu nombre Tu correo electr\u00f3nico Asunto Tu mensaje (opcional) Detalles de la reserva Reservas Directas Direcci\u00f3n: carrera 1 # 8-50 apto 3104, Boca grande \u2013 cartagena T\u00e9lefono: +57 318 1353535 &#8230;<\/p>\n","protected":false},"author":1,"featured_media":0,"parent":0,"menu_order":0,"comment_status":"closed","ping_status":"closed","template":"template-wide-content.php","meta":{"cozystay_single_page_hide_site_header":"","cozystay_single_page_site_header_source":"","cozystay_single_page_custom_site_header":"0","cozystay_single_page_custom_sticky_site_header":"0","cozystay_single_page_hide_page_title":"on","cozystay_single_page_header_section_size":"","cozystay_single_page_header_background_color":"","cozystay_single_page_header_background_position_x":"center","cozystay_single_page_header_background_position_y":"center","cozystay_single_page_header_background_size":"cover","cozystay_single_page_header_background_repeat":"off","cozystay_single_page_header_background_scroll":"on","cozystay_single_page_header_text_color":"","cozystay_single_page_header_show_breadcrumb":"","cozystay_single_page_site_footer_hide_main":"","cozystay_single_custom_site_footer_main_source":"","cozystay_single_custom_site_footer_main":"0","cozystay_single_page_site_footer_hide_above":"","cozystay_single_custom_site_footer_above_source":"","cozystay_single_custom_site_footer_above":"0","cozystay_single_page_site_footer_hide_instagram":"","cozystay_single_page_site_footer_hide_bottom":"","cozystay_single_custom_mobile_menu_source":"","cozystay_single_custom_mobile_menu":"0","cozystay_single_custom_mobile_menu_animation":"","cozystay_single_custom_mobile_menu_width":"","cozystay_single_custom_mobile_menu_custom_width":375,"footnotes":""},"class_list":["post-15","page","type-page","status-publish","hentry"],"_links":{"self":[{"href":"https:\/\/lodgingcartagena.com\/index.php\/wp-json\/wp\/v2\/pages\/15","targetHints":{"allow":["GET"]}}],"collection":[{"href":"https:\/\/lodgingcartagena.com\/index.php\/wp-json\/wp\/v2\/pages"}],"about":[{"href":"https:\/\/lodgingcartagena.com\/index.php\/wp-json\/wp\/v2\/types\/page"}],"author":[{"embeddable":true,"href":"https:\/\/lodgingcartagena.com\/index.php\/wp-json\/wp\/v2\/users\/1"}],"replies":[{"embeddable":true,"href":"https:\/\/lodgingcartagena.com\/index.php\/wp-json\/wp\/v2\/comments?post=15"}],"version-history":[{"count":35,"href":"https:\/\/lodgingcartagena.com\/index.php\/wp-json\/wp\/v2\/pages\/15\/revisions"}],"predecessor-version":[{"id":2709,"href":"https:\/\/lodgingcartagena.com\/index.php\/wp-json\/wp\/v2\/pages\/15\/revisions\/2709"}],"wp:attachment":[{"href":"https:\/\/lodgingcartagena.com\/index.php\/wp-json\/wp\/v2\/media?parent=15"}],"curies":[{"name":"wp","href":"https:\/\/api.w.org\/{rel}","templated":true}]}}